{"id":719,"date":"2020-10-22T17:48:41","date_gmt":"2020-10-22T17:48:41","guid":{"rendered":"http:\/\/anima.afterfast.com\/?page_id=719"},"modified":"2021-04-07T17:58:21","modified_gmt":"2021-04-07T17:58:21","slug":"catalizator","status":"publish","type":"page","link":"https:\/\/anima.md\/ru\/catalizator\/","title":{"rendered":"CATalizator"},"content":{"rendered":"\n<p><\/p>\n\n\n\n<div class=\"wp-block-image\"><figure class=\"alignright is-resized\"><img loading=\"lazy\" src=\"http:\/\/anima.md\/wp-content\/uploads\/2021\/02\/1.png\" alt=\"\" width=\"460\" height=\"258\"\/><figcaption>  <\/figcaption><\/figure><\/div>\n\n\n\n<p> <\/p>\n\n\n\n<p>&nbsp;<\/p>\n\n\n\n<p><strong>Centrul de Instruire \u0219i Dezvoltare Personal\u0103 ANIMA lanseaz\u0103 primul<\/strong><\/p>\n\n\n\n<p><strong>CONT ACTIV al TINERILOR (CATalizator)<\/strong><\/p>\n\n\n\n<p><strong>Conceptul Programului \u201eContul Activ al Tinerilor\/CATalizator\u201d:&nbsp;<\/strong>&nbsp;<\/p>\n\n\n\n<p><strong><em>Viziunea programului:<\/em><\/strong>&nbsp;Tinerii din Republica Moldova aplic\u0103 CATalizator-ul pentru a-\u0219i sus\u021bine \u0219i realiza ini\u021biativele socio-economice.<\/p>\n\n\n\n<p><strong><em>Scopul programului:<\/em><\/strong><strong>&nbsp;<\/strong>Contribuirea la sporirea activismului comunitar \u0219i abilitarea economic\u0103 al tinerilor din Republica Moldova prin realizarea ini\u021biativelor acestora \u00een baza programului CATalizator.<\/p>\n\n\n\n<figure class=\"wp-block-table is-style-regular\"><table class=\"has-fixed-layout\"><tbody><tr><td><strong>\u00a0<\/strong> <strong>Obiectivul nr.1:<\/strong>\u00a0Cca 15 tineri anual abilita\u021bi \u00een elaborarea \u0219i implementarea ini\u021biativelor comunitare, prin participarea la cursul online\/offline de formare \u0219i mentorat \u0219i subgrantare; <strong>\u00a0<\/strong><br><br> <strong><u>Programul CATalizator social<\/u> prevede 3 compartimente:<\/strong> <strong>Subprogramul 1: CAPACITARE<\/strong><br><br> Prevede realizarea unui curs de capacitare \u00een identificarea necesit\u0103\u021bilor tinerilor \u00een comunitate; desf\u0103\u0219urarea solu\u021biilor; elaborarea propunerilor de proiect\/e; oferirea de suport \u00een implementarea ini\u021biativei\/lor comunitare. Cursul de lung\u0103 durat\u0103, presupune studierea avansat\u0103 a metodelor de identificare a partenerilor comunitari; realizarea \u0219i organizarea campaniilor de colectare de fonduri la nivel local, precum \u0219i modalit\u0103\u021bi de implicare a locuitorilor \u00een dezvoltarea comunitar\u0103. Cursul v-a fi livrat offline\/online absolut gratuit. <br><br><strong>Subprogramul 2: SUS\u021aINERE<\/strong> <br><br>Presupune sus\u021binerea financiar\u0103 a ini\u021biativelor tinerilor din fondul existent al CATalizatorului la moment, sau sursele atrase anterior de aceasta. Tinerii\/ grupul de ini\u021biativ\u0103 vor putea s\u0103 solicite suportul financiar pentru sus\u021binerea \/ co-sus\u021binerea financiar\u0103 a ini\u021biativelor comunitare de la CAT, \u00een baza propunerilor argumentate de proiect. Mentorii ANIMA vor putea oferi suport solicitan\u021bilor \u00een formularea solicit\u0103rii de finan\u021bare. Proiectul tinerilor care va acumula un num\u0103r de 200 like pe pagina de facebook a AO CIDP ANIMA \/ CATalizator timp de 7 zile va fi sus\u021binut financiar. Programul \u00ee\u0219i rezerv\u0103 dreptul de a finan\u021ba ini\u021biativele \u00een limita mijloacelor financiare disponibile (limita respectiv\u0103 va fi public\u0103). Ini\u021biativele nefinan\u021bate vor fi stocate \u00een rezerv\u0103. <br><br><strong>Subprogramul 3: MOTIVARE<\/strong> <br><br>Acest subprogram are drept scop sus\u021binerea financiar\u0103 a\u00a0 ini\u021biativelor tinerior, din colectarea de fonduri acumulat\u0103 pe platforma online CATalizator \u00een fondul unic dar \u0219i prin atragere de proiecte. La aceast\u0103 platform\u0103 vor avea acces cu suportul echipei organiza\u021biei orice t\u00e2n\u0103r\/echip\u0103 de tineri, care vor lansa ini\u021biativele public \u0219i vor contribui la atragerea sus\u021bin\u0103torilor pe platforma online. Astfel, se va crea un cont permanent activ al ini\u021biativelor la care contribuiesc \u00eens\u0103\u0219i tinerii. La colectarea sumei indicate ini\u021bial la ini\u021biativ\u0103 pe platforma online, aceast\u0103 sum\u0103 va fi transferat\u0103 t\u00e2n\u0103rului\/echipei pentru implementarea ini\u021biativei pe un cont bancar. <br><br> <em><u>Cine poate aplica?<\/u><\/em> <br>   <em>Orice t\u00e2n\u0103r\/echip\u0103 de tineri cu v\u00e2rsta cuprins\u0103 \u00eenre 14 \u2013 35 ani din Republica Moldova.Lansarea fiec\u0103rui subprogram va fi public\u0103 pe pagina\u00a0<\/em><a href=\"http:\/\/www.anima.md\/\"><em>www.anima.md<\/em><\/a><em>. Ini\u021bial, o dat\u0103 pe an va fi lansat cursul de abilitare.<\/em><br><br> <em><u>De c\u00e2te ori putem aplica?<\/u><\/em><br>     <em>La etapa incipient\u0103, nu avem un num\u0103r limit de participare la programe.<\/em><br><br> NOT\u0102: Programul presupune implementarea ini\u021bial\u0103 a unui ciclu anual de sus\u021binere a ini\u021biativelor de tineret. Ulterior, prezum\u0103m s\u0103 extindem aceste etape. Pentru detalii suplimentare urm\u0103ri\u021bi pagina\u00a0<a href=\"https:\/\/www.facebook.com\/CIDPAnima\">https:\/\/www.facebook.com\/CIDPAnima<\/a> <br>Cu respect, Echipa CIDP ANIMA<\/td><td>\u00a0 <strong>Obiectivul nr.2:<\/strong>\u00a0Cca 15 tineri anual implica\u021bi \u00een programul de abilitare economic\u0103 prin capacitare, educa\u021bie financiar\u0103, subgrantare, mentorat \u0219i consulta\u021bii; \u00a0<br><br>\u00a0 <strong><u>Programul CATalizator economic<\/u> prevede 3 compartimente:<\/strong> <strong>Subprogramul 1: CAPACITARE<\/strong> <br><br>Prevede realizarea unui curs de capacitare \u00een identificarea ideii de start up, elemente de educa\u021bie financiar\u0103, elaborarea planului de afaceri \u0219i identificarea oportunit\u0103\u021bilor de aplicare cu planul de afaceri; Cursul de lung\u0103 durat\u0103, presupune studierea avansat\u0103 a metodelor de identificare a partenerilor comunitari \u0219i agen\u021bi economici; analiza pie\u021bei locale, identificarea ideii pentru start up \u0219i completarea planului de afaceri \u00een detalii. Identificarea partenerilor din localitate \u0219i a re\u021belei de poten\u021biali clien\u021bi, promovare \u0219i marketing. Cursul v-a fi livrat offline\/online absolut gratuit. <br><br><strong>Subprogramul 2: SUS\u021aINERE<\/strong> <br><br>Presupune sus\u021binerea financiar\u0103 a ini\u021biativelor economice a tinerilor din fondul existent al CATalizatorului la moment, sau sursele atrase anterior de aceasta prin lansarea programului de finan\u021bare \u00een dezvoltarea\/lansarea start-up-urilor tinerilor. Tinerii\/ grupul de ini\u021biativ\u0103 vor putea s\u0103 solicite suportul financiar pentru sus\u021binerea \/ co-sus\u021binerea financiar\u0103 a ini\u021biativelor antreprenoriale de la CAT, \u00een baza propunerilor argumentate de proiect conform Ghidului de aplicare lansat \u00een cadrul programului. Mentorii ANIMA vor putea oferi suport solicitan\u021bilor \u00een formularea solicit\u0103rii de finan\u021bare. Proiectele viabile sus\u021binute de juriu vor fi sus\u021binute de program. Programul \u00ee\u0219i rezerv\u0103 dreptul de a finan\u021ba ini\u021biativele \u00een limita mijloacelor financiare disponibile (limita respectiv\u0103 va fi public\u0103). Ini\u021biativele nefinan\u021bate vor fi stocate \u00een rezerv\u0103. <br><br><strong>Subprogramul 3: MOTIVARE<\/strong><br><br>Acest subprogram are drept scop sus\u021binerea financiar\u0103 a\u00a0 ini\u021biativelor tinerior, din colectarea de fonduri acumulat\u0103 pe platforma online CATalizator, programe de cofinan\u021bare \u0219i sus\u021binerea donatorilor, agen\u021bilor economici \u00eentr-un cont unic de dezvoltare. La aceast\u0103 platform\u0103 vor avea acces cu suportul echipei organiza\u021biei orice t\u00e2n\u0103r\/echip\u0103 de tineri, care vor lansa ini\u021biativele antreprenoriale, sau vor dori s\u0103 dezvolte afacerile existente. Astfel, se va crea un cont permanent activ al ini\u021biativelor la care contribuiesc \u00eens\u0103\u0219i tinerii. La fiecare tur\u0103 lansat\u0103 de organiza\u021bie de sus\u021binere financiar\u0103 a tinerilor antreprenori, vor fi sus\u021binu\u021bi tinerii din list\u0103 conform surselor existente \u00een CAT (alizator) la moment. Toate subgrant\u0103rile se vor face \u00een baz\u0103 de contract de colaborare \u0219i livrate direct pe contul tinerilor antreprenori. Subgranti\u0219tii vor oferi raport de activitate, la final de implementare a ini\u021biativei economice.<br><br> <em><u>Cine poate aplica?<\/u><\/em> <br>    <em>Orice t\u00e2n\u0103r\/echip\u0103 de tineri cu v\u00e2rsta cuprins\u0103 \u00eenre 18 \u2013 35 ani din Republica Moldova.Lansarea fiec\u0103rui subprogram va fi public\u0103 pe pagina\u00a0<\/em><a href=\"http:\/\/www.anima.md\/\"><em>www.anima.md<\/em><\/a><em>. Ini\u021bial, o dat\u0103 pe an va fi lansat cursul de abilitare.<\/em><br><br> <em><u>De c\u00e2te ori putem aplica?<\/u><\/em><br>    <em>La etapa incipient\u0103, nu avem un num\u0103r limit de participare la programe.<\/em> <br><br>NOT\u0102: Programul presupune implementarea ini\u021bial\u0103 a unui ciclu anual de sus\u021binere a ini\u021biativelor economice de tineret. Ulterior, prezum\u0103m s\u0103 extindem aceste etape. Pentru detalii suplimentare urm\u0103ri\u021bi pagina\u00a0<a href=\"https:\/\/www.facebook.com\/CIDPAnima\">https:\/\/www.facebook.com\/CIDPAnima<\/a><br> Cu respect, Echipa CIDP ANIMA\u00a0 \u00a0  <\/td><\/tr><\/tbody><\/table><\/figure>\n","protected":false},"excerpt":{"rendered":"<p>&nbsp; Centrul de Instruire \u0219i Dezvoltare Personal\u0103 ANIMA lanseaz\u0103 primul CONT ACTIV al TINERILOR (CATalizator) Conceptul Programului \u201eContul Activ al Tinerilor\/CATalizator\u201d:&nbsp;&nbsp; Viziunea programului:&nbsp;Tinerii din Republica Moldova aplic\u0103 CATalizator-ul pentru a-\u0219i&#8230;<\/p>\n","protected":false},"author":1,"featured_media":0,"parent":0,"menu_order":0,"comment_status":"closed","ping_status":"closed","template":"","meta":[],"yoast_head":"<!-- This site is optimized with the Yoast SEO plugin v15.5 - https:\/\/yoast.com\/wordpress\/plugins\/seo\/ -->\n<title>CATalizator - ANIMA<\/title>\n<meta name=\"robots\" content=\"index, follow, max-snippet:-1, max-image-preview:large, max-video-preview:-1\" \/>\n<link rel=\"canonical\" href=\"https:\/\/anima.md\/catalizator\/\" \/>\n<meta property=\"og:locale\" content=\"ru_RU\" \/>\n<meta property=\"og:type\" content=\"article\" \/>\n<meta property=\"og:title\" content=\"CATalizator - ANIMA\" \/>\n<meta property=\"og:description\" content=\"&nbsp; Centrul de Instruire \u0219i Dezvoltare Personal\u0103 ANIMA lanseaz\u0103 primul CONT ACTIV al TINERILOR (CATalizator) Conceptul Programului \u201eContul Activ al Tinerilor\/CATalizator\u201d:&nbsp;&nbsp; Viziunea programului:&nbsp;Tinerii din Republica Moldova aplic\u0103 CATalizator-ul pentru a-\u0219i...\" \/>\n<meta property=\"og:url\" content=\"https:\/\/anima.md\/catalizator\/\" \/>\n<meta property=\"og:site_name\" content=\"ANIMA\" \/>\n<meta property=\"article:modified_time\" content=\"2021-04-07T17:58:21+00:00\" \/>\n<meta property=\"og:image\" content=\"http:\/\/anima.md\/wp-content\/uploads\/2021\/02\/1.png\" \/>\n<meta name=\"twitter:card\" content=\"summary_large_image\" \/>\n<meta name=\"twitter:label1\" content=\"\u041f\u0440\u0438\u043c\u0435\u0440\u043d\u043e\u0435 \u0432\u0440\u0435\u043c\u044f \u0434\u043b\u044f \u0447\u0442\u0435\u043d\u0438\u044f\">\n\t<meta name=\"twitter:data1\" content=\"4 \u043c\u0438\u043d\u0443\u0442\u044b\">\n<script type=\"application\/ld+json\" class=\"yoast-schema-graph\">{\"@context\":\"https:\/\/schema.org\",\"@graph\":[{\"@type\":\"WebSite\",\"@id\":\"https:\/\/anima.md\/ru\/#website\",\"url\":\"https:\/\/anima.md\/ru\/\",\"name\":\"ANIMA\",\"description\":\"AO Centrul de Instruire \\u0219i Dezvoltare Personal\\u0103 \\u201dAnima\\u201d\",\"potentialAction\":[{\"@type\":\"SearchAction\",\"target\":\"https:\/\/anima.md\/ru\/?s={search_term_string}\",\"query-input\":\"required name=search_term_string\"}],\"inLanguage\":\"ru-RU\"},{\"@type\":\"ImageObject\",\"@id\":\"https:\/\/anima.md\/catalizator\/#primaryimage\",\"inLanguage\":\"ru-RU\",\"url\":\"http:\/\/anima.md\/wp-content\/uploads\/2021\/02\/1.png\"},{\"@type\":\"WebPage\",\"@id\":\"https:\/\/anima.md\/catalizator\/#webpage\",\"url\":\"https:\/\/anima.md\/catalizator\/\",\"name\":\"CATalizator - ANIMA\",\"isPartOf\":{\"@id\":\"https:\/\/anima.md\/ru\/#website\"},\"primaryImageOfPage\":{\"@id\":\"https:\/\/anima.md\/catalizator\/#primaryimage\"},\"datePublished\":\"2020-10-22T17:48:41+00:00\",\"dateModified\":\"2021-04-07T17:58:21+00:00\",\"inLanguage\":\"ru-RU\",\"potentialAction\":[{\"@type\":\"ReadAction\",\"target\":[\"https:\/\/anima.md\/catalizator\/\"]}]}]}<\/script>\n<!-- \/ Yoast SEO plugin. -->","rttpg_featured_image_url":null,"rttpg_author":{"display_name":"xpedition_23","author_link":"https:\/\/anima.md\/ru\/author\/xpedition_23\/"},"rttpg_comment":0,"rttpg_category":null,"rttpg_excerpt":"&nbsp; Centrul de Instruire \u0219i Dezvoltare Personal\u0103 ANIMA lanseaz\u0103 primul CONT ACTIV al TINERILOR (CATalizator) Conceptul Programului \u201eContul Activ al Tinerilor\/CATalizator\u201d:&nbsp;&nbsp; Viziunea programului:&nbsp;Tinerii din Republica Moldova aplic\u0103 CATalizator-ul pentru a-\u0219i...","_links":{"self":[{"href":"https:\/\/anima.md\/ru\/wp-json\/wp\/v2\/pages\/719"}],"collection":[{"href":"https:\/\/anima.md\/ru\/wp-json\/wp\/v2\/pages"}],"about":[{"href":"https:\/\/anima.md\/ru\/wp-json\/wp\/v2\/types\/page"}],"author":[{"embeddable":true,"href":"https:\/\/anima.md\/ru\/wp-json\/wp\/v2\/users\/1"}],"replies":[{"embeddable":true,"href":"https:\/\/anima.md\/ru\/wp-json\/wp\/v2\/comments?post=719"}],"version-history":[{"count":0,"href":"https:\/\/anima.md\/ru\/wp-json\/wp\/v2\/pages\/719\/revisions"}],"wp:attachment":[{"href":"https:\/\/anima.md\/ru\/wp-json\/wp\/v2\/media?parent=719"}],"curies":[{"name":"wp","href":"https:\/\/api.w.org\/{rel}","templated":true}]}}