{"id":2188,"date":"2021-10-08T17:39:26","date_gmt":"2021-10-08T14:39:26","guid":{"rendered":"http:\/\/anima.md\/?page_id=2188"},"modified":"2021-10-08T19:30:11","modified_gmt":"2021-10-08T16:30:11","slug":"2021-social","status":"publish","type":"page","link":"https:\/\/anima.md\/ru\/2021-social\/","title":{"rendered":"2021 social"},"content":{"rendered":"\t\t<div data-elementor-type=\"wp-page\" data-elementor-id=\"2188\" class=\"elementor elementor-2188\">\n\t\t\t\t\t\t\t\t\t<section class=\"elementor-section elementor-top-section elementor-element elementor-element-f871a0c elementor-section-boxed elementor-section-height-default elementor-section-height-default\" data-id=\"f871a0c\" data-element_type=\"section\">\n\t\t\t\t\t\t<div class=\"elementor-container elementor-column-gap-default\">\n\t\t\t\t\t<div class=\"elementor-column elementor-col-100 elementor-top-column elementor-element elementor-element-a7d4f0d\" data-id=\"a7d4f0d\" data-element_type=\"column\">\n\t\t\t<div class=\"elementor-widget-wrap elementor-element-populated\">\n\t\t\t\t\t\t\t\t<div class=\"elementor-element elementor-element-61dc1c7 gallery-spacing-custom elementor-invisible elementor-widget elementor-widget-image-gallery\" data-id=\"61dc1c7\" data-element_type=\"widget\" data-settings=\"{&quot;_animation&quot;:&quot;zoomIn&quot;}\" data-widget_type=\"image-gallery.default\">\n\t\t\t\t<div class=\"elementor-widget-container\">\n\t\t\t\t\t<div class=\"elementor-image-gallery\">\n\t\t\t<div id='gallery-1' class='gallery galleryid-2188 gallery-columns-3 gallery-size-fascinate-thumbnail-two'><figure class='gallery-item'>\n\t\t\t<div class='gallery-icon portrait'>\n\t\t\t\t<img width=\"450\" height=\"450\" src=\"https:\/\/anima.md\/wp-content\/uploads\/2021\/10\/CHISINAU_n-450x450.jpg\" class=\"attachment-fascinate-thumbnail-two size-fascinate-thumbnail-two\" alt=\"CHISINAU\" loading=\"lazy\" aria-describedby=\"gallery-1-2214\" \/>\n\t\t\t<\/div>\n\t\t\t\t<figcaption class='wp-caption-text gallery-caption' id='gallery-1-2214'>\n\t\t\t\tEchipa de voluntari din cadrul Consiliul Local de Tineret Centru, Chi\u0219in\u0103u \u00ee\u0219i propun Consolidarea Consiliilor Elevilor \u0219i formarea reprezentan\u021bilor acestora din 2 Institu\u021bii de \u00cenv\u0103\u021b\u0103m\u00e2nt din Sectorul Centru, pentru o reprezentare a elevilor mai eficient\u0103.Sus\u021bine-i cu un like pentru a promova Consilie Elevilor!!!\n\t\t\t\t<\/figcaption><\/figure><figure class='gallery-item'>\n\t\t\t<div class='gallery-icon landscape'>\n\t\t\t\t<img width=\"450\" height=\"450\" src=\"https:\/\/anima.md\/wp-content\/uploads\/2021\/09\/242390056_580895256681624_2733064800306025328_n-450x450.jpg\" class=\"attachment-fascinate-thumbnail-two size-fascinate-thumbnail-two\" alt=\"\" loading=\"lazy\" aria-describedby=\"gallery-1-2099\" \/>\n\t\t\t<\/div>\n\t\t\t\t<figcaption class='wp-caption-text gallery-caption' id='gallery-1-2099'>\n\t\t\t\tEchipa Centrului  de Tineret, \u201d First 4ever\u201d din  com. P\u0103n\u0103\u0219e\u0219ti r-nul Str\u0103\u0219eni v\u0103 invit\u0103 la Seara fimelor pentru to\u021bi tinerii din comun\u0103!!! Descoperim \u00eempreun\u0103 cu \u201d First 4ever\u201d cum petrecem timpul liber calitativ !!! Sus\u021bine-i cu un like pentru a promova beneficiile voluntariatului!!!\n\t\t\t\t<\/figcaption><\/figure><figure class='gallery-item'>\n\t\t\t<div class='gallery-icon portrait'>\n\t\t\t\t<img width=\"450\" height=\"450\" src=\"https:\/\/anima.md\/wp-content\/uploads\/2021\/09\/242384774_581467083291108_751721570216070012_n-450x450.jpg\" class=\"attachment-fascinate-thumbnail-two size-fascinate-thumbnail-two\" alt=\"Voluntarii \u201d Frendzone \u201e s. Voloave\" loading=\"lazy\" aria-describedby=\"gallery-1-2098\" \/>\n\t\t\t<\/div>\n\t\t\t\t<figcaption class='wp-caption-text gallery-caption' id='gallery-1-2098'>\n\t\t\t\tVoluntarii \u201d Frendzone \u201e s. Voloave, rn. Soroca \u00ee\u0219i propun promovarea educa\u021biei non formale prin activit\u0103\u021bi de formare \u0219i educare, voluntariat \u0219i agrement \u00een r\u00e2ndul  elevilor din IP gimnaziul Voloave Sus\u021bine-i cu un like pentru a promova educa\u021biei non formal\u0103 \u00een r\u00e2ndul tinerilor!!!\n\t\t\t\t<\/figcaption><\/figure><figure class='gallery-item'>\n\t\t\t<div class='gallery-icon portrait'>\n\t\t\t\t<img width=\"450\" height=\"450\" src=\"https:\/\/anima.md\/wp-content\/uploads\/2021\/09\/sudarca-450x450.jpg\" class=\"attachment-fascinate-thumbnail-two size-fascinate-thumbnail-two\" alt=\"sudarca\" loading=\"lazy\" aria-describedby=\"gallery-1-2163\" \/>\n\t\t\t<\/div>\n\t\t\t\t<figcaption class='wp-caption-text gallery-caption' id='gallery-1-2163'>\n\t\t\t\tGrupul de ini\u021biativ\u0103  din cadrul L.T ,,Mihai Eminescu\u201d s. Sudarca, r. Dondu\u0219eni \u00ee\u0219i propun  educarea financiar\u0103 a 20 de tineri din localit\u0103\u021bile Sudarca, Arione\u0219ti, Braic\u0103u, Horodi\u0219te  \u0219i educarea rela\u021biilor armonioase \u00eentr-un cuplu a 20 te tineri din localit\u0103\u021bile Sudarca, Arione\u0219ti, Braic\u0103u, Horodi\u0219te, inclusiv elevi din L.T ,,Mihai Eminescu\u201d s. Sudarca, r. Dondu\u0219eni. Sus\u021bine-i cu un like pentru a promova educarea \u0219i implicarea activ\u0103 a tinerilor !\n\t\t\t\t<\/figcaption><\/figure><figure class='gallery-item'>\n\t\t\t<div class='gallery-icon landscape'>\n\t\t\t\t<img width=\"450\" height=\"450\" src=\"https:\/\/anima.md\/wp-content\/uploads\/2021\/09\/242464994_601284604567997_180275903001211112_n-450x450.png\" class=\"attachment-fascinate-thumbnail-two size-fascinate-thumbnail-two\" alt=\"Ungheni\" loading=\"lazy\" aria-describedby=\"gallery-1-2055\" \/>\n\t\t\t<\/div>\n\t\t\t\t<figcaption class='wp-caption-text gallery-caption' id='gallery-1-2055'>\n\t\t\t\tVoluntarii \u201d Holders of Hope\u201e Ungheni \u00ee\u0219i propun prevenirea comportamentului delincvent \u00een r\u00e2ndul tinerilor \u0219i implicarea lor activ\u0103 \u00een ac\u021biuni de voluntariat. \u00cen perioada 11-24 octombrie v-or fi realizate mai multe activit\u0103\u021bi prin care tinerii \u00eencearc\u0103 s\u0103 combat\u0103 comportamentului delincvent \u00een r\u00e2ndul tinerilor!!! Sus\u021bine-i cu un like pentru a prevenirea comportamentului delincvent \u00een r\u00e2ndul tinerilor!!!\n\t\t\t\t<\/figcaption><\/figure><figure class='gallery-item'>\n\t\t\t<div class='gallery-icon landscape'>\n\t\t\t\t<img width=\"450\" height=\"450\" src=\"https:\/\/anima.md\/wp-content\/uploads\/2021\/09\/242303296_580916136679536_2847030935342400637_n-450x450.jpg\" class=\"attachment-fascinate-thumbnail-two size-fascinate-thumbnail-two\" alt=\"\" loading=\"lazy\" aria-describedby=\"gallery-1-2095\" \/>\n\t\t\t<\/div>\n\t\t\t\t<figcaption class='wp-caption-text gallery-caption' id='gallery-1-2095'>\n\t\t\t\tEchipa din s. \u0218uri, rn . Drochia te invit\u0103 sa te implici activ \u00een cadrul activit\u0103\u021bilor propuse de \u201dAcademia T\u00e2n\u0103rului Activist\u201d  \u201dAcademia T\u00e2n\u0103rului Activist\u201d  \u00ee\u0219i propune s\u0103 promoveze democra\u021bia participativ\u0103 la nivel local prin prisma inform\u0103rii; schimbului de bune practici; form\u0103rii deprinderilor de rela\u021bionare, afirmare, comunicare \u0219i conlucrare.  \u201dAcademia T\u00e2n\u0103rului Activist\u201d are nevoie de  likul t\u0103u pentru a promova democra\u021bia participativ\u0103 !!!\n\t\t\t\t<\/figcaption><\/figure><figure class='gallery-item'>\n\t\t\t<div class='gallery-icon portrait'>\n\t\t\t\t<img width=\"450\" height=\"450\" src=\"https:\/\/anima.md\/wp-content\/uploads\/2021\/10\/Ocnita_n-450x450.jpg\" class=\"attachment-fascinate-thumbnail-two size-fascinate-thumbnail-two\" alt=\"ocnita\" loading=\"lazy\" aria-describedby=\"gallery-1-2217\" \/>\n\t\t\t<\/div>\n\t\t\t\t<figcaption class='wp-caption-text gallery-caption' id='gallery-1-2217'>\n\t\t\t\tEchipa de voluntari din cadrul Centrului de Tineret, Ocni\u021ba v\u0103 invit\u0103 la o lun\u0103 plin\u0103 de distrac\u021bie prin seri de dansuri tematice!!! Spune \u201eDA\u201d distrac\u021biei sus\u021bin\u00e2ndu-i cu un like!!!\n\t\t\t\t<\/figcaption><\/figure><figure class='gallery-item'>\n\t\t\t<div class='gallery-icon landscape'>\n\t\t\t\t<img width=\"450\" height=\"450\" src=\"https:\/\/anima.md\/wp-content\/uploads\/2021\/10\/243137567_586149466156203_8430413845335567169_n-450x450.jpg\" class=\"attachment-fascinate-thumbnail-two size-fascinate-thumbnail-two\" alt=\"lucaseuca\" loading=\"lazy\" aria-describedby=\"gallery-1-2171\" \/>\n\t\t\t<\/div>\n\t\t\t\t<figcaption class='wp-caption-text gallery-caption' id='gallery-1-2171'>\n\t\t\t\tVoluntarii din cadrul IPG Luca\u0219euca  \u00ee\u0219i propun s\u0103 stopeze bullyingul prin informare, formarea atitudinilor necesare \u00een vederea aprofund\u0103rii non-violen\u021bei \u00een r\u00e2ndul tinerilor din Luca\u0219euca Sus\u021bine-i cu un like \u0219i spune stop bulingului!!!\n\t\t\t\t<\/figcaption><\/figure><figure class='gallery-item'>\n\t\t\t<div class='gallery-icon portrait'>\n\t\t\t\t<img width=\"450\" height=\"450\" src=\"https:\/\/anima.md\/wp-content\/uploads\/2021\/09\/1-450x450.jpg\" class=\"attachment-fascinate-thumbnail-two size-fascinate-thumbnail-two\" alt=\"Cahul\" loading=\"lazy\" aria-describedby=\"gallery-1-2166\" \/>\n\t\t\t<\/div>\n\t\t\t\t<figcaption class='wp-caption-text gallery-caption' id='gallery-1-2166'>\n\t\t\t\tGrupul de ini\u021biativ\u0103 \u201dIoan Voievod\u201d din Cahul \u00ee\u0219i propun  s\u0103 sprijine victimele violen\u021bei \u00een familie, \u0219coal\u0103 \u0219i societate \u0219i s\u0103 g\u0103seasc\u0103 solu\u021bii pentru aceast\u0103 problem\u0103, s\u0103 mobiliz\u0103m comunit\u0103\u021bile \u0219i s\u0103 ia atitudinea fa\u021b\u0103 de aceste cazuri.  Grupul de ini\u021biativ\u0103 \u201dIoan Voievod\u201d din Cahul are nevoie de  likul t\u0103u pentru a preveni violen\u021bei \u00een familie, \u0219coal\u0103 \u0219i societate!!!\n\t\t\t\t<\/figcaption><\/figure><figure class='gallery-item'>\n\t\t\t<div class='gallery-icon portrait'>\n\t\t\t\t<img width=\"450\" height=\"450\" src=\"https:\/\/anima.md\/wp-content\/uploads\/2021\/09\/242344520_580885233349293_3855608758229254128_n-450x450.png\" class=\"attachment-fascinate-thumbnail-two size-fascinate-thumbnail-two\" alt=\"biblioteca\" loading=\"lazy\" aria-describedby=\"gallery-1-2096\" \/>\n\t\t\t<\/div>\n\t\t\t\t<figcaption class='wp-caption-text gallery-caption' id='gallery-1-2096'>\n\t\t\t\tEchipa \u201eBIBLIOVOLUNTARI\u201d &#8212; \u201cSunt diferit \u0219i m\u0103 implic\u201d \u00ee\u0219i propune promovarea voluntariatului, lecturii \u0219i a bibliotecii. Dezvoltarea de programe de voluntariat \u00een biblioteci.   Sus\u021bine-i cu un like pentru a promova beneficiile voluntariatului!!!\n\t\t\t\t<\/figcaption><\/figure><figure class='gallery-item'>\n\t\t\t<div class='gallery-icon landscape'>\n\t\t\t\t<img width=\"450\" height=\"450\" src=\"https:\/\/anima.md\/wp-content\/uploads\/2021\/10\/242901325_584390486332101_2248799941193456165_n-450x450.jpg\" class=\"attachment-fascinate-thumbnail-two size-fascinate-thumbnail-two\" alt=\"Cimislia\" loading=\"lazy\" aria-describedby=\"gallery-1-2216\" \/>\n\t\t\t<\/div>\n\t\t\t\t<figcaption class='wp-caption-text gallery-caption' id='gallery-1-2216'>\n\t\t\t\tGrupul de ini\u021biativ\u0103 din Cimi\u0219lia v\u0103 invit\u0103 \u201eEnLive Equality &#8212; Promoveaz\u0103 egalitatea de gen\u201d ini\u021biativa are drept scop promovarea egalit\u0103\u021bii de gen \u00een r\u00e2ndul tinerilor din ora\u0219ul Cimi\u0219lia \u00een baza Obiectivului5 \u201cEgalitatea de gen\u201d din 17 Obiective de Dezvoltare Durabil\u0103 pentru 2020-2030,diminuarea stereotipurilor referitoare la rolul femeilor \u0219i b\u0103rba\u021bilor \u00een societate, crearea unui mediu prietenos pentru dezvoltarea tinerilor.\nSus\u021bine-i cu un like pentru a promova egalitatea de gen!\n\t\t\t\t<\/figcaption><\/figure><figure class='gallery-item'>\n\t\t\t<div class='gallery-icon portrait'>\n\t\t\t\t<img width=\"450\" height=\"450\" src=\"https:\/\/anima.md\/wp-content\/uploads\/2021\/10\/riscani-450x450.jpg\" class=\"attachment-fascinate-thumbnail-two size-fascinate-thumbnail-two\" alt=\"riscani\" loading=\"lazy\" aria-describedby=\"gallery-1-2174\" \/>\n\t\t\t<\/div>\n\t\t\t\t<figcaption class='wp-caption-text gallery-caption' id='gallery-1-2174'>\n\t\t\t\tVoluntarii din cadrul gimnaziului \u201cGheorghe R\u00ee\u0219canu\u201d, or. R\u00ee\u0219cani \u00ee\u0219i propun s\u0103 dezvolte abilit\u0103\u021bile sociale, de comunicare, concuren\u021b\u0103, motiva\u021bie \u0219i g\u00e2ndire strategic\u0103 \u00een r\u00e2ndul tinerilor din gimnaziul \u201cGheorghe R\u00ee\u0219canu\u201d, or. R\u00ee\u0219cani prin intermediul jocurilor de societate. Sus\u021bine-i cu un like \u0219i accept\u0103 invita\u021bia echipe Tik-Tak de a petrece timpul creativ prin intermediul jocurilor de societate!!!\n\t\t\t\t<\/figcaption><\/figure><figure class='gallery-item'>\n\t\t\t<div class='gallery-icon landscape'>\n\t\t\t\t<img width=\"450\" height=\"450\" src=\"https:\/\/anima.md\/wp-content\/uploads\/2021\/09\/242347892_581410536630096_772830983100814636_n-450x450.png\" class=\"attachment-fascinate-thumbnail-two size-fascinate-thumbnail-two\" alt=\"\" loading=\"lazy\" aria-describedby=\"gallery-1-2097\" \/>\n\t\t\t<\/div>\n\t\t\t\t<figcaption class='wp-caption-text gallery-caption' id='gallery-1-2097'>\n\t\t\t\tEchipa Centrul de ini\u021biative \u201eFeed-Back\u201d \u00ee\u0219i propun \u00een perioada 22-28 octombrie \u00een Basarabeasca s\u0103 realizeze \u201dS\u0103pt\u0103m\u00e2na faptelor bune\u201d prin  promovarea voluntariatului !!!! Sus\u021bine-i cu un like pentru a promova beneficiile voluntariatului!!!\n\t\t\t\t<\/figcaption><\/figure><figure class='gallery-item'>\n\t\t\t<div class='gallery-icon portrait'>\n\t\t\t\t<img width=\"450\" height=\"450\" src=\"https:\/\/anima.md\/wp-content\/uploads\/2021\/09\/242298436_580926610011822_447502665477749460_n-450x450.png\" class=\"attachment-fascinate-thumbnail-two size-fascinate-thumbnail-two\" alt=\"\" loading=\"lazy\" aria-describedby=\"gallery-1-2094\" \/>\n\t\t\t<\/div>\n\t\t\t\t<figcaption class='wp-caption-text gallery-caption' id='gallery-1-2094'>\n\t\t\t\tE\u0219ti talentat\/\u0103 \u0219i vrei s\u0103 te afirmi &#8212; atunci nu ezita \u0219i \u00eenscrie-te la Concursul  de talente din Chiperceni la data de 09.10.2021 organizat de voluntarii din comuna Chiperceni, rn. Orhei !!! Concurs de talente  se desf\u0103\u0219oar\u0103 \u00een aceia\u0219i zi cu  semi maratonul \u201dODD 5 Alerg\u0103m pentru egalitate de gen. Sus\u021bine-i cu un like pentru a promova talentele din comuna Chiperceni!!\n\t\t\t\t<\/figcaption><\/figure><figure class='gallery-item'>\n\t\t\t<div class='gallery-icon portrait'>\n\t\t\t\t<img width=\"450\" height=\"450\" src=\"https:\/\/anima.md\/wp-content\/uploads\/2021\/10\/straseni_n-1-450x450.jpg\" class=\"attachment-fascinate-thumbnail-two size-fascinate-thumbnail-two\" alt=\"stra\" loading=\"lazy\" aria-describedby=\"gallery-1-2173\" \/>\n\t\t\t<\/div>\n\t\t\t\t<figcaption class='wp-caption-text gallery-caption' id='gallery-1-2173'>\n\t\t\t\tVoluntarii din cadrul Centrului de Tineret, Str\u0103\u0219eni v\u0103 invit\u0103 la jocul intelectual \u201c100 de Str\u0103\u0219eneni au zis\u201d  cu scopul promov\u0103rii unei imagini autentice a tinerilor \u0219i rolul lor \u00een via\u021ba comunit\u0103\u021bii Sus\u021bine-i cu un like pentru a promova imaginea autentic\u0103 a tinerilor!\n\t\t\t\t<\/figcaption><\/figure><figure class='gallery-item'>\n\t\t\t<div class='gallery-icon landscape'>\n\t\t\t\t<img width=\"450\" height=\"450\" src=\"https:\/\/anima.md\/wp-content\/uploads\/2021\/10\/Vasile-Coroban_n-450x450.jpg\" class=\"attachment-fascinate-thumbnail-two size-fascinate-thumbnail-two\" alt=\"Vasile Coroban\" loading=\"lazy\" aria-describedby=\"gallery-1-2215\" \/>\n\t\t\t<\/div>\n\t\t\t\t<figcaption class='wp-caption-text gallery-caption' id='gallery-1-2215'>\n\t\t\t\tJOAC\u0102 REALITATEA -Echipa \u201eEnigma\u201d, IPLT \u201eVasile Coroban\u201d provoac\u0103 to\u021bi doritorii la o experien\u021b\u0103 unic\u0103. Las\u0103 telefonul acas\u0103 \u0219i te al\u0103tur\u0103 nou\u0103. Doar aici ai posibilitatea de a \u00eent\u00e2lni prieteni noi, multe emo\u021bii \u0219i distrac\u021bie. Ia cu tine voia bun\u0103 \u0219i transfer\u0103 jocurile virtuale \u00een lumea real\u0103. Aici e locul unde ai libertatea s\u0103 fii cum vrei, iar problemele tale vor fi mereu auzite, \u00een\u021belese.\nSus\u021bine-i cu un like pentru a promova petrecerea timpului eficient!!!\n\t\t\t\t<\/figcaption><\/figure><figure class='gallery-item'>\n\t\t\t<div class='gallery-icon portrait'>\n\t\t\t\t<img width=\"450\" height=\"450\" src=\"https:\/\/anima.md\/wp-content\/uploads\/2021\/09\/242298270_580909986680151_2074798161916681762_n-450x450.png\" class=\"attachment-fascinate-thumbnail-two size-fascinate-thumbnail-two\" alt=\"\" loading=\"lazy\" aria-describedby=\"gallery-1-2093\" \/>\n\t\t\t<\/div>\n\t\t\t\t<figcaption class='wp-caption-text gallery-caption' id='gallery-1-2093'>\n\t\t\t\tGrupul de ini\u021biativ\u0103 \u201eAZUL\u201d din or. F\u0103le\u0219ti  \u00ee\u0219i propune s\u0103 sporeasc\u0103 nivelul de informare \u0219i ghidare \u00een carier\u0103 a tinerilor din raionul F\u0103le\u0219ti prin promovarea profesiilor moderne. Sus\u021bine-i cu un like pentru a informa c\u00e2t mai mul\u021bi tineri despre profesiile moderne!!!\n\t\t\t\t<\/figcaption><\/figure><figure class='gallery-item'>\n\t\t\t<div class='gallery-icon portrait'>\n\t\t\t\t<img width=\"450\" height=\"450\" src=\"https:\/\/anima.md\/wp-content\/uploads\/2021\/09\/poster-Tarnova-450x450.jpeg\" class=\"attachment-fascinate-thumbnail-two size-fascinate-thumbnail-two\" alt=\"\" loading=\"lazy\" aria-describedby=\"gallery-1-2062\" \/>\n\t\t\t<\/div>\n\t\t\t\t<figcaption class='wp-caption-text gallery-caption' id='gallery-1-2062'>\n\t\t\t\tEchipa de voluntari din cadrul Gimnaziului-Gr\u0103dini\u021b\u0103 \u201eC. Negruzzi\u201d, s. T\u00eernova, rn. Dondu\u0219eni \u0219i au propus s\u0103 formeze o atitudine con\u0219tient\u0103 fa\u021b\u0103 de importan\u021ba form\u0103rii \u0219i dezvolt\u0103rii bunelor maniere \u00een r\u00e2ndul tinerilor \u0219i elevilor!! Sus\u021bine-i cu un like pentru a promova Bunele maniere \u00een T\u00eernova!!! \n\t\t\t\t<\/figcaption><\/figure><figure class='gallery-item'>\n\t\t\t<div class='gallery-icon landscape'>\n\t\t\t\t<img width=\"450\" height=\"450\" src=\"https:\/\/anima.md\/wp-content\/uploads\/2021\/09\/242529479_581017316669418_3813206096182169747_n-450x450.jpg\" class=\"attachment-fascinate-thumbnail-two size-fascinate-thumbnail-two\" alt=\"Hirtop\" loading=\"lazy\" aria-describedby=\"gallery-1-2092\" \/>\n\t\t\t<\/div>\n\t\t\t\t<figcaption class='wp-caption-text gallery-caption' id='gallery-1-2092'>\n\t\t\t\tEchipa Centrului de Tineret UNIT filiala Hirtopul Mare &#8212; \u201cPlay Youth\u201d \u00ee\u0219i propune dezvoltarea imagina\u021biei, g\u00e2ndirii critice \u0219i creativitatea copilului, printr-un mod relaxant \u0219i distractiv dup\u0103 o s\u0103pt\u0103m\u00e2n\u0103 plin\u0103 de \u2018\u2019teme\u2019\u2019 Prin joac\u0103, elevii vor  deprinde abilit\u0103\u021bi \u0219i tehnici de pictur\u0103 (desen, pastel, culoare, colaj \u0219i art\u0103 decorativ\u0103), c\u00e2t \u0219i sporirea \u00eencrederii \u00een sine Sus\u021bine-i cu un like pentru a promova petrecerea timpului liber creativ!!!\n\t\t\t\t<\/figcaption><\/figure>\n\t\t<\/div>\n\t\t<\/div>\n\t\t\t\t<\/div>\n\t\t\t\t<\/div>\n\t\t\t\t\t<\/div>\n\t\t<\/div>\n\t\t\t\t\t\t\t<\/div>\n\t\t<\/section>\n\t\t\t\t\t\t\t<\/div>\n\t\t","protected":false},"excerpt":{"rendered":"<p>Voluntarii din cadrul gimnaziului \u201cGheorghe R\u00ee\u0219canu\u201d, or. R\u00ee\u0219cani \u00ee\u0219i propun s\u0103 dezvolte abilit\u0103\u021bile sociale, de comunicare, concuren\u021b\u0103, motiva\u021bie \u0219i g\u00e2ndire strategic\u0103 \u00een r\u00e2ndul tinerilor din gimnaziul \u201cGheorghe R\u00ee\u0219canu\u201d, or. R\u00ee\u0219cani&#8230;<\/p>\n","protected":false},"author":2,"featured_media":0,"parent":0,"menu_order":0,"comment_status":"closed","ping_status":"closed","template":"","meta":[],"yoast_head":"<!-- This site is optimized with the Yoast SEO plugin v15.5 - https:\/\/yoast.com\/wordpress\/plugins\/seo\/ -->\n<title>2021 social - ANIMA<\/title>\n<meta name=\"robots\" content=\"index, follow, max-snippet:-1, max-image-preview:large, max-video-preview:-1\" \/>\n<link rel=\"canonical\" href=\"https:\/\/anima.md\/2021-social\/\" \/>\n<meta property=\"og:locale\" content=\"ru_RU\" \/>\n<meta property=\"og:type\" content=\"article\" \/>\n<meta property=\"og:title\" content=\"2021 social - ANIMA\" \/>\n<meta property=\"og:description\" content=\"Voluntarii din cadrul gimnaziului \u201cGheorghe R\u00ee\u0219canu\u201d, or. R\u00ee\u0219cani \u00ee\u0219i propun s\u0103 dezvolte abilit\u0103\u021bile sociale, de comunicare, concuren\u021b\u0103, motiva\u021bie \u0219i g\u00e2ndire strategic\u0103 \u00een r\u00e2ndul tinerilor din gimnaziul \u201cGheorghe R\u00ee\u0219canu\u201d, or. R\u00ee\u0219cani...\" \/>\n<meta property=\"og:url\" content=\"https:\/\/anima.md\/2021-social\/\" \/>\n<meta property=\"og:site_name\" content=\"ANIMA\" \/>\n<meta property=\"article:modified_time\" content=\"2021-10-08T16:30:11+00:00\" \/>\n<meta property=\"og:image\" content=\"http:\/\/anima.md\/wp-content\/uploads\/2021\/10\/riscani-450x450.jpg\" \/>\n<meta name=\"twitter:card\" content=\"summary_large_image\" \/>\n<meta name=\"twitter:label1\" content=\"\u041f\u0440\u0438\u043c\u0435\u0440\u043d\u043e\u0435 \u0432\u0440\u0435\u043c\u044f \u0434\u043b\u044f \u0447\u0442\u0435\u043d\u0438\u044f\">\n\t<meta name=\"twitter:data1\" content=\"4 \u043c\u0438\u043d\u0443\u0442\u044b\">\n<script type=\"application\/ld+json\" class=\"yoast-schema-graph\">{\"@context\":\"https:\/\/schema.org\",\"@graph\":[{\"@type\":\"WebSite\",\"@id\":\"https:\/\/anima.md\/ru\/#website\",\"url\":\"https:\/\/anima.md\/ru\/\",\"name\":\"ANIMA\",\"description\":\"AO Centrul de Instruire \\u0219i Dezvoltare Personal\\u0103 \\u201dAnima\\u201d\",\"potentialAction\":[{\"@type\":\"SearchAction\",\"target\":\"https:\/\/anima.md\/ru\/?s={search_term_string}\",\"query-input\":\"required name=search_term_string\"}],\"inLanguage\":\"ru-RU\"},{\"@type\":\"ImageObject\",\"@id\":\"https:\/\/anima.md\/2021-social\/#primaryimage\",\"inLanguage\":\"ru-RU\",\"url\":\"http:\/\/anima.md\/wp-content\/uploads\/2021\/10\/riscani-450x450.jpg\"},{\"@type\":\"WebPage\",\"@id\":\"https:\/\/anima.md\/2021-social\/#webpage\",\"url\":\"https:\/\/anima.md\/2021-social\/\",\"name\":\"2021 social - ANIMA\",\"isPartOf\":{\"@id\":\"https:\/\/anima.md\/ru\/#website\"},\"primaryImageOfPage\":{\"@id\":\"https:\/\/anima.md\/2021-social\/#primaryimage\"},\"datePublished\":\"2021-10-08T14:39:26+00:00\",\"dateModified\":\"2021-10-08T16:30:11+00:00\",\"inLanguage\":\"ru-RU\",\"potentialAction\":[{\"@type\":\"ReadAction\",\"target\":[\"https:\/\/anima.md\/2021-social\/\"]}]}]}<\/script>\n<!-- \/ Yoast SEO plugin. -->","rttpg_featured_image_url":null,"rttpg_author":{"display_name":"ANIMA Service Administrator","author_link":"https:\/\/anima.md\/ru\/author\/service-administrator\/"},"rttpg_comment":0,"rttpg_category":null,"rttpg_excerpt":"Voluntarii din cadrul gimnaziului \u201cGheorghe R\u00ee\u0219canu\u201d, or. R\u00ee\u0219cani \u00ee\u0219i propun s\u0103 dezvolte abilit\u0103\u021bile sociale, de comunicare, concuren\u021b\u0103, motiva\u021bie \u0219i g\u00e2ndire strategic\u0103 \u00een r\u00e2ndul tinerilor din gimnaziul \u201cGheorghe R\u00ee\u0219canu\u201d, or. R\u00ee\u0219cani...","_links":{"self":[{"href":"https:\/\/anima.md\/ru\/wp-json\/wp\/v2\/pages\/2188"}],"collection":[{"href":"https:\/\/anima.md\/ru\/wp-json\/wp\/v2\/pages"}],"about":[{"href":"https:\/\/anima.md\/ru\/wp-json\/wp\/v2\/types\/page"}],"author":[{"embeddable":true,"href":"https:\/\/anima.md\/ru\/wp-json\/wp\/v2\/users\/2"}],"replies":[{"embeddable":true,"href":"https:\/\/anima.md\/ru\/wp-json\/wp\/v2\/comments?post=2188"}],"version-history":[{"count":0,"href":"https:\/\/anima.md\/ru\/wp-json\/wp\/v2\/pages\/2188\/revisions"}],"wp:attachment":[{"href":"https:\/\/anima.md\/ru\/wp-json\/wp\/v2\/media?parent=2188"}],"curies":[{"name":"wp","href":"https:\/\/api.w.org\/{rel}","templated":true}]}}