{"id":2570,"date":"2022-10-21T20:06:10","date_gmt":"2022-10-21T17:06:10","guid":{"rendered":"https:\/\/anima.md\/?page_id=2570"},"modified":"2022-10-21T21:56:24","modified_gmt":"2022-10-21T18:56:24","slug":"youthcatalizator-contul-activ-al-tinerilor-antreprenori","status":"publish","type":"page","link":"https:\/\/anima.md\/en\/youthcatalizator-contul-activ-al-tinerilor-antreprenori\/","title":{"rendered":"(Rom\u00e2n\u0103) \u201eYouthCatalizator \u2013 contul activ al tinerilor antreprenori\u201d"},"content":{"rendered":"\t\t<div data-elementor-type=\"wp-page\" data-elementor-id=\"2570\" class=\"elementor elementor-2570\">\n\t\t\t\t\t\t\t\t\t<section class=\"elementor-section elementor-top-section elementor-element elementor-element-20d29b1 elementor-section-boxed elementor-section-height-default elementor-section-height-default\" data-id=\"20d29b1\" data-element_type=\"section\">\n\t\t\t\t\t\t<div class=\"elementor-container elementor-column-gap-default\">\n\t\t\t\t\t<div class=\"elementor-column elementor-col-100 elementor-top-column elementor-element elementor-element-ec5f084\" data-id=\"ec5f084\" data-element_type=\"column\">\n\t\t\t<div class=\"elementor-widget-wrap\">\n\t\t\t\t\t\t\t\t\t<\/div>\n\t\t<\/div>\n\t\t\t\t\t\t\t<\/div>\n\t\t<\/section>\n\t\t\t\t<section class=\"elementor-section elementor-top-section elementor-element elementor-element-9363600 elementor-section-boxed elementor-section-height-default elementor-section-height-default\" data-id=\"9363600\" data-element_type=\"section\">\n\t\t\t\t\t\t<div class=\"elementor-container elementor-column-gap-default\">\n\t\t\t\t\t<div class=\"elementor-column elementor-col-100 elementor-top-column elementor-element elementor-element-4c22f94\" data-id=\"4c22f94\" data-element_type=\"column\">\n\t\t\t<div class=\"elementor-widget-wrap elementor-element-populated\">\n\t\t\t\t\t\t\t\t<div class=\"elementor-element elementor-element-01bf8d9 elementor-widget elementor-widget-image\" data-id=\"01bf8d9\" data-element_type=\"widget\" data-widget_type=\"image.default\">\n\t\t\t\t<div class=\"elementor-widget-container\">\n\t\t\t\t\t\t\t\t\t\t\t\t\t\t\t<img width=\"1854\" height=\"199\" src=\"https:\/\/anima.md\/wp-content\/uploads\/2022\/10\/300245029_475678804523323_7694706079097316412_n.png\" class=\"attachment-full size-full\" alt=\"\" loading=\"lazy\" \/>\t\t\t\t\t\t\t\t\t\t\t\t\t\t\t<\/div>\n\t\t\t\t<\/div>\n\t\t\t\t<div class=\"elementor-element elementor-element-472f793 elementor-widget elementor-widget-text-editor\" data-id=\"472f793\" data-element_type=\"widget\" data-widget_type=\"text-editor.default\">\n\t\t\t\t<div class=\"elementor-widget-container\">\n\t\t\t\t\t\t\t<p>Proiectul \u201eYouthCatalizator \u2013 contul activ al tinerilor antreprenori\u201d este finan\u021bat din mijloacele financiare puse la dispozi\u021bia Beneficiarului de grant de c\u0103tre Funda\u021bia Est-European\u0103 \u0219i provin de la Uniunea European\u0103, reprezentat\u0103 de c\u0103tre Comisia European\u0103, prin intermediul Delega\u021biei Uniunii Europene \u00een Republica Moldova \u00een cadrul proiectului \u201dSocietatea civil\u0103 contribuie la dezvoltarea economic\u0103 incluziv\u0103 \u0219i durabil\u0103 a \u021b\u0103rii\u201d, proiect cofinan\u021bat de Suedia.<\/p>\n<p><b>Centrul de Instruire \u0219i Dezvoltare Personal\u0103 \u201eANIMA\u201d anun\u021b\u0103 Programul de mini-granturi \u00een lansarea\/dezvoltarea afacerilor \u00een cadrul proiectului \u201eYOUthCATalizator &#8211; contul activ al tinerilor antreprenori\u201d.<\/b><\/p>\n<p><b>1. Context<\/b><\/p>\n<p>\u00cencep\u00e2nd cu 15 septembrie 2021, Centrul de Instruire \u0219i Dezvoltare Personal\u0103 \u201eANIMA\u201d implementeaz\u0103 proiectul \u201eYOUthCATalizator &#8211; contul activ al tinerilor antreprenori\u201d. Proiectul, cu durata de 30 de luni, are ca obiectiv s\u0103 mobilizeze economic tinerii din categoria NEET din regiunile F\u0103le\u0219ti, S\u00eengerei \u0219i Dondu\u0219eni timp de 30 luni. <br>Una dintre activit\u0103\u021bile proiectului presupune desf\u0103\u0219urarea unui program de granturi \u00een cadrul c\u0103ruia 6 tineri NEET, vor deveni beneficiari ai programului de granturi \u0219i \u00ee\u0219i vor lansa\/dezvolta afacerile.<\/p>\n<p><b>2. Scopul \u0219i priorit\u0103\u021bile programului de granturi<\/b><\/p>\n<p>Programul de granturi are drept scop sus\u021binerea tinerilor NEET \u00een vederea cre\u0103rii\/dezvolt\u0103rii unei afaceri. <br>Prin intermediul granturilor, oferite \u00een cadrul acestui concurs, va fi sus\u021binut\u0103 activitatea de <b>crearea \u0219i dezvoltarea \u00eentreprinderilor<\/b> viabile \u0219i profitabile \u00een regiunile F\u0103le\u0219ti, S\u00eengerei \u0219i Dondu\u0219eni, care vor fi administrate de tinerii NEET.<\/p>\n<p><b>3. Bugetul<\/b><\/p>\n<p>Fiecare minigrant va fi \u00een sum\u0103 de 2000 Euro. Vor fi oferite 6 granturi de finan\u021bare, c\u00e2te 2 granturi pentru fiecare sediu a fondului \u201dYOUthCATalizator\u201d. Astfel vor beneficia de granturi financiare 6 antreprenori din categoria NEET. Suma alocat\u0103 pentru 6 granturi o va constitui de 12000 Euro. Achizi\u021biile scutite de TVA vor fi efectuate de c\u0103tre AO CIDP ANIMA per fiecare proiect \u00een parte.<\/p>\n<p><b>4. Solicitan\u021bi eligibili<\/b><\/p>\n<p>Pentru afi participan\u021bi eligibili, solicitan\u021bii trebuie:<br>a) s\u0103 fie persoan\u0103 fizic\u0103, cet\u0103\u021beni ai Republicii Moldova;<br>b) s\u0103 fie t\u00e2n\u0103r NEET;<br>c) s\u0103 activeze mediul rural a uneia din urm\u0103toarele regiuni: F\u0103le\u0219ti, S\u00e2ngerei, Dondu\u0219eni; <br>d) s\u0103 fie direct responsabil de lansarea\/dezvoltarea afacerii;<br>e) s\u0103-\u0219i asume \u00eenregistrarea unei forme de activitate antreprenorial\u0103 care o va dezvolta pe parcursul proiectului.<\/p>\n<p><b>5. Evaluarea proiectului \u0219i decizia de selectare<\/b><\/p>\n<p><b>5.1. Procesul de luare a deciziei<\/b><\/p>\n<p>Concursul de granturi va fi organizat \u00een 3 etape:<br><b>ETAPA 1: Evaluarea planurilor de afaceri.<\/b> Pentru acest concurs va fi creat\u0103 o comisie independent\u0103 de exper\u021bi. Fiecare membru al comisiei de exper\u021bi va evalua \u0219i va da note planurilor de afaceri \u0219i proiectelor. Comisia \u00ee\u0219i rezerv\u0103 dreptul de a \u021bine cont \u00een cadrul select\u0103rii participan\u021bilor c\u00e2\u0219tig\u0103tori de reprezentarea geografic\u0103 echitabil\u0103 a proiectelor sus\u021binute. <br><b>ETAPA 2: Pitch antreprenorial<\/b> va fi organizat online pe platforma Zoom. La aceast\u0103 etap\u0103, fiecare participant care a aplicat, va prezenta succint planul de afaceri, iar exper\u021bii vor pune \u00eentreb\u0103ri de clarificare. Fiecare expert va aprecia (1) motiva\u021bia \u0219i (2) capacitatea tinerilor de a gestiona \u00eentreprinderea, acord\u00e2nd dou\u0103 note pentru aceast\u0103 prob\u0103. Pentru fiecare plan de afaceri sa va face o not\u0103 medie.<br><b>ETAPA 3: Desemnarea c\u00e2\u0219tig\u0103torilor.<\/b> Nota final\u0103 pentru proiectele \u00eenaintate va fi stabilit\u0103 prin media aritmetic\u0103 a celor dou\u0103 note primite la etapa 2 \u0219i 3.<\/p>\n<p>Solicitan\u021bii \u0219i propunerile de proiect vor fi evaluate \u00een mod egal \u0219i echitabil, fiind apreciate \u00een mod obiectiv \u0219i independent.<\/p>\n<p><b>5.2 Criteriile de selec\u021bie a propunerilor<\/b><br>\u00cen cadrul procesului de evaluare se va \u021bine cont de urm\u0103toarele criterii cantitative \u0219i calitative:<\/p>\n<p>Vor fi aplicate urm\u0103toarele <b>criterii cantitative:<\/b><br>&#8211; Num\u0103rul de localit\u0103\u021bi\/popula\u021bia care va beneficia de serviciile propuse de aplicant \u00een planul de afaceri;<br>&#8211; Rezultatul financiar pozitiv;<br>&#8211; Prezentarea \u00een cadrul pitch-ului antreprenorial;<br>&#8211; Contribu\u021bia monetar\u0103\/nemonetar\u0103 a aplicantului.<\/p>\n<p><b>Criterii calitative:<\/b><br>&#8211; Formularea clar\u0103 a ideii de afaceri;<br>&#8211; Gradul de detaliere a planului de afaceri; &#8211; Abordarea original\u0103 \u0219i novatoare;<br>&#8211; Sustenabilitatea \u0219i importan\u021ba social\u0103, economic\u0103, ecologic\u0103 a afacerii;<br>&#8211; Impactul social pe care-l va produce afacerea social\u0103;<br>&#8211; Planificare optim\u0103 a resurselor financiare alocate ;<br>&#8211; Asumarea de c\u0103tre solicitant a \u00eenregistr\u0103rii unui gen de activitate economic\u0103 dup\u0103 semnarea contractului.<\/p>\n<p><b>6. Utilizarea fondurilor<\/b><\/p>\n<p>Resursele primite \u00een rezultatul semn\u0103rii Contractului de grant trebuie s\u0103 fie utilizate conform activit\u0103\u021bilor \u0219i bugetelor proiectelor aprobate \u0219i nu pot fi utilizate pentru acoperirea cheltuielilor neeligibile. Granturile nu trebuie s\u0103 fie folosite ca ajutor financiar pentru aplicantul beneficiar \u0219i\/sau plata datoriilor.<\/p>\n<p>Bugetul de administrare a proiectului \u0219i bugetul direct de administrare \u0219i implementare a afacerii trebuie s\u0103 fie rezonabil \u0219i echilibrat.<\/p>\n<p><b>Bugetul va fi elaborat \u0219i prezentat \u00een EURO<\/b>, respect\u00e2nd modelul de plan de afaceri anexat.<\/p>\n<p><b>Cheltuieli neeligibile<\/b>:<\/p>\n<p>Urm\u0103toarele categorii de cheltuieli nu sunt eligibile:<br>&#8211; Datoriile, penalit\u0103\u021bile \u0219i alte costuri legate de aceste datorii; <br>&#8211; Amenzi \u0219i cheltuieli privind dispute legale \u0219i litigii;<\/p>\n<p>&#8211; Pierderile financiare sau poten\u021bialele datorii care pot ap\u0103rea \u00een viitor;<br>&#8211; Achizi\u021bia de terenuri sau cl\u0103diri; <br>&#8211; Pierderile ce \u021bin de rata de schimb;<br>&#8211; Cheltuieli de sprijinire a partidelor politice;<br>&#8211; Salarii \u0219i onorarii.<\/p>\n<p><b>7. Cheltuieli eligibile<\/b><br>Urm\u0103toarele costuri sunt eligibile pentru finan\u021bare: <br>&#8211; Cheltuieli suportate pentru deschiderea activit\u0103\u021bii de \u00eentreprinz\u0103tor, inclusiv taxe \u0219i contribu\u021bii de asigurare;<br>&#8211; Instrumente, utilaje, mobilier care va contribui sporit la buna desf\u0103\u0219urare a activit\u0103\u021bii de \u00eentreprinz\u0103tor;<br>&#8211; Cheltuieli pentru materiale de construc\u021bii, decor destinate amenaj\u0103rii spa\u021biului de activitate economic\u0103 a aplicantului;<br>&#8211; Cheltuieli pentru participarea la cursuri, form\u0103ri, instruiri \u00een domeniu; <br>&#8211; Cheltuieli de promovare \u0219i vizibilitate.<\/p>\n<p><b>8. Alte detalii ale Concursului<\/b><br>Integrarea drepturilor omului \u0219i egalit\u0103\u021bii de gen, respectarea \u0219i promovarea protec\u021biei mediului ambiant reprezint\u0103 principii esen\u021biale ale programului.<\/p>\n<p><b>9. Prezentarea planurilor de afaceri <\/b><br>Pentru a participa la concurs, solicitan\u021bii vor depune un dosar de aplicare care va con\u021bine urm\u0103toarele documente:<br>1. Formularul de plan de afaceri al CIDP ANIMA;<br>2. Bugetul solicitat \u00een baza formularului CIDP ANIMA;<br>3. Fi\u0219a cu date generale ale \u00eentreprinderii pentru \u00eentreprinderile create deja;<br>4. Alte documente \u0219i informa\u021bii considerate necesare pentru a lua o decizie cu privire la proiectul depus (imagini, clipuri video, bro\u0219uri, etc.)<\/p>\n<p>Centrul de Instruire \u0219i Dezvoltare Personal\u0103 \u201eANIMA\u201d \u00ee\u0219i rezerv\u0103 dreptul de a refuza acordarea de fonduri \u00een cazul \u00een care calitatea propunerilor depuse nu va corespunde criteriilor men\u021bionate mai sus \u0219i\/sau cerin\u021belor de selectare.<\/p>\n<p>11. Adresa, informa\u021bia de contact \u0219i depunerea planurilor de afaceri:<\/p>\n<p>Planurile de afaceri cu subiectul \u201eProgramul de mini-granturi YOUthCATalizator &#8211; Nume Aplicant\u201d vor fi transmise prin e-mail la adresa ngo.anima@gmail.com<\/p>\n<p>Data limit\u0103 de depunere a propunerilor de proiect este 31 octombrie 2022.<\/p>\n<p>Aten\u0163ie! Dosarele incomplete nu vor fi evaluate.<\/p><p><a href=\"https:\/\/docs.google.com\/document\/d\/1Wr153Pv69Z5Grx05UIBgWofdGbhXn7Il\/edit?fbclid=IwAR0are_7o6ZRBAjNq-LO3pKsJrLQyVHT_yUlhqZQHIm3MwX6i6iY9F0LuuY\">Plan Afaceri &#8211; YouthCatalizator.docx &#8211; Google \u0414\u043e\u043a\u0443\u043c\u0435\u043d\u0442\u044b<\/a><br><\/p>\t\t\t\t\t\t<\/div>\n\t\t\t\t<\/div>\n\t\t\t\t\t<\/div>\n\t\t<\/div>\n\t\t\t\t\t\t\t<\/div>\n\t\t<\/section>\n\t\t\t\t<section class=\"elementor-section elementor-top-section elementor-element elementor-element-3e0ae38 elementor-section-boxed elementor-section-height-default elementor-section-height-default\" data-id=\"3e0ae38\" data-element_type=\"section\">\n\t\t\t\t\t\t<div class=\"elementor-container elementor-column-gap-default\">\n\t\t\t\t\t<div class=\"elementor-column elementor-col-100 elementor-top-column elementor-element elementor-element-0522976\" data-id=\"0522976\" data-element_type=\"column\">\n\t\t\t<div class=\"elementor-widget-wrap\">\n\t\t\t\t\t\t\t\t\t<\/div>\n\t\t<\/div>\n\t\t\t\t\t\t\t<\/div>\n\t\t<\/section>\n\t\t\t\t\t\t\t<\/div>\n\t\t","protected":false},"excerpt":{"rendered":"<p>Proiectul \u201eYouthCatalizator \u2013 contul activ al tinerilor antreprenori\u201d este finan\u021bat din mijloacele financiare puse la dispozi\u021bia Beneficiarului de grant de c\u0103tre Funda\u021bia Est-European\u0103 \u0219i provin de la Uniunea European\u0103, reprezentat\u0103&#8230;<\/p>\n","protected":false},"author":3,"featured_media":0,"parent":0,"menu_order":0,"comment_status":"closed","ping_status":"closed","template":"","meta":[],"yoast_head":"<!-- This site is optimized with the Yoast SEO plugin v15.5 - https:\/\/yoast.com\/wordpress\/plugins\/seo\/ -->\n<title><\/title>\n<meta name=\"robots\" content=\"index, follow, max-snippet:-1, max-image-preview:large, max-video-preview:-1\" \/>\n<link rel=\"canonical\" href=\"https:\/\/anima.md\/youthcatalizator-contul-activ-al-tinerilor-antreprenori\/\" \/>\n<meta property=\"og:locale\" content=\"en_US\" \/>\n<meta property=\"og:type\" content=\"article\" \/>\n<meta property=\"og:title\" content=\"[:ro]\u201eYouthCatalizator \u2013 contul activ al tinerilor antreprenori\u201d[:] - ANIMA\" \/>\n<meta property=\"og:description\" content=\"Proiectul \u201eYouthCatalizator \u2013 contul activ al tinerilor antreprenori\u201d este finan\u021bat din mijloacele financiare puse la dispozi\u021bia Beneficiarului de grant de c\u0103tre Funda\u021bia Est-European\u0103 \u0219i provin de la Uniunea European\u0103, reprezentat\u0103...\" \/>\n<meta property=\"og:url\" content=\"https:\/\/anima.md\/youthcatalizator-contul-activ-al-tinerilor-antreprenori\/\" \/>\n<meta property=\"og:site_name\" content=\"ANIMA\" \/>\n<meta property=\"article:modified_time\" content=\"2022-10-21T18:56:24+00:00\" \/>\n<meta property=\"og:image\" content=\"http:\/\/anima.md\/wp-content\/uploads\/2022\/10\/300245029_475678804523323_7694706079097316412_n.png\" \/>\n<meta name=\"twitter:card\" content=\"summary_large_image\" \/>\n<meta name=\"twitter:label1\" content=\"Est. reading time\">\n\t<meta name=\"twitter:data1\" content=\"4 minutes\">\n<script type=\"application\/ld+json\" class=\"yoast-schema-graph\">{\"@context\":\"https:\/\/schema.org\",\"@graph\":[{\"@type\":\"WebSite\",\"@id\":\"https:\/\/anima.md\/ru\/#website\",\"url\":\"https:\/\/anima.md\/ru\/\",\"name\":\"ANIMA\",\"description\":\"AO Centrul de Instruire \\u0219i Dezvoltare Personal\\u0103 \\u201dAnima\\u201d\",\"potentialAction\":[{\"@type\":\"SearchAction\",\"target\":\"https:\/\/anima.md\/ru\/?s={search_term_string}\",\"query-input\":\"required name=search_term_string\"}],\"inLanguage\":\"en-US\"},{\"@type\":\"ImageObject\",\"@id\":\"https:\/\/anima.md\/youthcatalizator-contul-activ-al-tinerilor-antreprenori\/#primaryimage\",\"inLanguage\":\"en-US\",\"url\":\"http:\/\/anima.md\/wp-content\/uploads\/2022\/10\/300245029_475678804523323_7694706079097316412_n.png\"},{\"@type\":\"WebPage\",\"@id\":\"https:\/\/anima.md\/youthcatalizator-contul-activ-al-tinerilor-antreprenori\/#webpage\",\"url\":\"https:\/\/anima.md\/youthcatalizator-contul-activ-al-tinerilor-antreprenori\/\",\"name\":\"[:ro]\\u201eYouthCatalizator \\u2013 contul activ al tinerilor antreprenori\\u201d[:] - ANIMA\",\"isPartOf\":{\"@id\":\"https:\/\/anima.md\/ru\/#website\"},\"primaryImageOfPage\":{\"@id\":\"https:\/\/anima.md\/youthcatalizator-contul-activ-al-tinerilor-antreprenori\/#primaryimage\"},\"datePublished\":\"2022-10-21T17:06:10+00:00\",\"dateModified\":\"2022-10-21T18:56:24+00:00\",\"inLanguage\":\"en-US\",\"potentialAction\":[{\"@type\":\"ReadAction\",\"target\":[\"https:\/\/anima.md\/youthcatalizator-contul-activ-al-tinerilor-antreprenori\/\"]}]}]}<\/script>\n<!-- \/ Yoast SEO plugin. -->","rttpg_featured_image_url":null,"rttpg_author":{"display_name":"\"Anima\" AO","author_link":"https:\/\/anima.md\/en\/author\/ao-anima\/"},"rttpg_comment":0,"rttpg_category":null,"rttpg_excerpt":"Proiectul \u201eYouthCatalizator \u2013 contul activ al tinerilor antreprenori\u201d este finan\u021bat din mijloacele financiare puse la dispozi\u021bia Beneficiarului de grant de c\u0103tre Funda\u021bia Est-European\u0103 \u0219i provin de la Uniunea European\u0103, reprezentat\u0103...","_links":{"self":[{"href":"https:\/\/anima.md\/en\/wp-json\/wp\/v2\/pages\/2570"}],"collection":[{"href":"https:\/\/anima.md\/en\/wp-json\/wp\/v2\/pages"}],"about":[{"href":"https:\/\/anima.md\/en\/wp-json\/wp\/v2\/types\/page"}],"author":[{"embeddable":true,"href":"https:\/\/anima.md\/en\/wp-json\/wp\/v2\/users\/3"}],"replies":[{"embeddable":true,"href":"https:\/\/anima.md\/en\/wp-json\/wp\/v2\/comments?post=2570"}],"version-history":[{"count":0,"href":"https:\/\/anima.md\/en\/wp-json\/wp\/v2\/pages\/2570\/revisions"}],"wp:attachment":[{"href":"https:\/\/anima.md\/en\/wp-json\/wp\/v2\/media?parent=2570"}],"curies":[{"name":"wp","href":"https:\/\/api.w.org\/{rel}","templated":true}]}}