{"id":2195,"date":"2021-10-08T17:47:35","date_gmt":"2021-10-08T14:47:35","guid":{"rendered":"http:\/\/anima.md\/?page_id=2195"},"modified":"2024-02-07T21:36:02","modified_gmt":"2024-02-07T19:36:02","slug":"2023-economic","status":"publish","type":"page","link":"https:\/\/anima.md\/en\/2023-economic\/","title":{"rendered":"2021 economic"},"content":{"rendered":"\t\t<div data-elementor-type=\"wp-page\" data-elementor-id=\"2195\" class=\"elementor elementor-2195\">\n\t\t\t\t\t\t\t\t\t<section class=\"elementor-section elementor-top-section elementor-element elementor-element-ffb8573 elementor-section-boxed elementor-section-height-default elementor-section-height-default\" data-id=\"ffb8573\" data-element_type=\"section\">\n\t\t\t\t\t\t<div class=\"elementor-container elementor-column-gap-default\">\n\t\t\t\t\t<div class=\"elementor-column elementor-col-100 elementor-top-column elementor-element elementor-element-a59074f\" data-id=\"a59074f\" data-element_type=\"column\">\n\t\t\t<div class=\"elementor-widget-wrap elementor-element-populated\">\n\t\t\t\t\t\t\t\t<div class=\"elementor-element elementor-element-afb401e gallery-spacing-custom elementor-invisible elementor-widget elementor-widget-image-gallery\" data-id=\"afb401e\" data-element_type=\"widget\" data-settings=\"{&quot;_animation&quot;:&quot;pulse&quot;}\" data-widget_type=\"image-gallery.default\">\n\t\t\t\t<div class=\"elementor-widget-container\">\n\t\t\t\t\t<div class=\"elementor-image-gallery\">\n\t\t\t<div id='gallery-1' class='gallery galleryid-2195 gallery-columns-3 gallery-size-medium'><figure class='gallery-item'>\n\t\t\t<div class='gallery-icon landscape'>\n\t\t\t\t<a data-elementor-open-lightbox=\"yes\" data-elementor-lightbox-slideshow=\"afb401e\" data-elementor-lightbox-title=\"79000463-51f4-4631-811a-2740268fba79\" e-action-hash=\"#elementor-action%3Aaction%3Dlightbox%26settings%3DeyJpZCI6NDA5NywidXJsIjoiaHR0cHM6XC9cL2FuaW1hLm1kXC93cC1jb250ZW50XC91cGxvYWRzXC8yMDI0XC8wMlwvNzkwMDA0NjMtNTFmNC00NjMxLTgxMWEtMjc0MDI2OGZiYTc5LmpwZyIsInNsaWRlc2hvdyI6ImFmYjQwMWUifQ%3D%3D\" href='https:\/\/anima.md\/wp-content\/uploads\/2024\/02\/79000463-51f4-4631-811a-2740268fba79.jpg'><img width=\"300\" height=\"251\" src=\"https:\/\/anima.md\/wp-content\/uploads\/2024\/02\/79000463-51f4-4631-811a-2740268fba79-300x251.jpg\" class=\"attachment-medium size-medium\" alt=\"\" loading=\"lazy\" aria-describedby=\"gallery-1-4097\" \/><\/a>\n\t\t\t<\/div>\n\t\t\t\t<figcaption class='wp-caption-text gallery-caption' id='gallery-1-4097'>\n\t\t\t\tSalut, sunt Jacot Vasile, sunt un t\u00e2n\u0103r activ \u0219i creativ ce am luat decizia de a m\u0103 implica acas\u0103 pentru a-mi crea via\u021ba. Mi-am construit propria afacere pentru a aduce un strop de prospe\u021bime \u00een comunitatea natal\u0103, al\u0103turi de cei dragi \u0219i familie. Cu suportul CATalizator am reu\u0219it s\u0103 dotez Barbershop-ul din Pepeni \u201dLABRRO\u201d, visul afacerii \u00een care eu sunt creatorul \u0219i managerul \u00eentreprinderii.  Barbershop-ul \u201dLABRRO\u201e se dedic\u0103 oferirii unei experien\u021be unice \u0219i individuale de tuns \u0219i \u00eengrijire personalizat\u0103 pentru b\u0103rba\u021bi. Echipa noastr\u0103 de stili\u0219ti talenta\u021bi \u00ee\u0219i propune s\u0103 ofere nu doar servicii de calitate, ci \u0219i un spa\u021biu prietenos \u0219i relaxant unde clien\u021bii se pot sim\u021bi confortabil. V\u0103 invit\u0103m s\u0103 experimenta\u021bi arta tunsului clasic \u0219i s\u0103 v\u0103 bucura\u021bi de o atmosfer\u0103 plin\u0103 de profesionalism \u0219i pasiune pentru estetic\u0103 masculin\u0103. Am avut necesitate de 2000 euro suport financiar \u00een lansarea \u0219i dezvoltarea afacerii. Sum\u0103 asigurat\u0103 2000 euro!\n\t\t\t\t<\/figcaption><\/figure><figure class='gallery-item'>\n\t\t\t<div class='gallery-icon landscape'>\n\t\t\t\t<a data-elementor-open-lightbox=\"yes\" data-elementor-lightbox-slideshow=\"afb401e\" data-elementor-lightbox-title=\"d09183e2-0e94-4e74-814e-c167dbb8ab47\" e-action-hash=\"#elementor-action%3Aaction%3Dlightbox%26settings%3DeyJpZCI6NDA5OCwidXJsIjoiaHR0cHM6XC9cL2FuaW1hLm1kXC93cC1jb250ZW50XC91cGxvYWRzXC8yMDI0XC8wMlwvZDA5MTgzZTItMGU5NC00ZTc0LTgxNGUtYzE2N2RiYjhhYjQ3LmpwZyIsInNsaWRlc2hvdyI6ImFmYjQwMWUifQ%3D%3D\" href='https:\/\/anima.md\/wp-content\/uploads\/2024\/02\/d09183e2-0e94-4e74-814e-c167dbb8ab47.jpg'><img width=\"300\" height=\"251\" src=\"https:\/\/anima.md\/wp-content\/uploads\/2024\/02\/d09183e2-0e94-4e74-814e-c167dbb8ab47-300x251.jpg\" class=\"attachment-medium size-medium\" alt=\"\" loading=\"lazy\" aria-describedby=\"gallery-1-4098\" \/><\/a>\n\t\t\t<\/div>\n\t\t\t\t<figcaption class='wp-caption-text gallery-caption' id='gallery-1-4098'>\n\t\t\t\tSalut, sunt Nicolae Dru\u021b\u0103, \u0219i am creat aceast\u0103 afacere pentru a oferi solu\u021bii eficiente \u00een domeniul IT. Sunt expert \u00een IT, am f\u0103cut studii \u00een domeniu, sunt pasionat de IT \u0219i \u00eemi doresc mult s\u0103 pot fi util \u00een satul meu natal. Aici tinerii \u0219i locuitorii sunt departe de orice oferta de servicii IT, \u0219i sunt nevoi\u021bi s\u0103 plece la o distan\u021b\u0103 de 40-60 km pina la primul service \u00een domeniu. Prin lansarea afacerii \u201dIT Service NS TEHNO\u201d am reu\u0219it s\u0103 aduc serviciile date mai aproape de fiecare locuitor din satul Teleseuca. Aici g\u0103si\u021bi servicii de asisten\u021b\u0103 \u0219i reparare pentru toate nevoile tehnologice din domeniul IT. Cu o experien\u021b\u0103 bogat\u0103 \u00een domeniu, abordez cu aten\u021bie fiecare problem\u0103, de la rezolvarea ispr\u0103vilor software p\u00e2n\u0103 la upgrade-uri hardware, asigur\u00e2nd o func\u021bionare optim\u0103 a echipamentelor. Am avut necesitate de 2000 euro suport financiar \u00een lansarea \u0219i dezvoltarea afacerii. Sum\u0103 asigurat\u0103 2000 euro!\n\t\t\t\t<\/figcaption><\/figure><figure class='gallery-item'>\n\t\t\t<div class='gallery-icon landscape'>\n\t\t\t\t<a data-elementor-open-lightbox=\"yes\" data-elementor-lightbox-slideshow=\"afb401e\" data-elementor-lightbox-title=\"54864089-d772-45e9-a6dc-2c057b85384e\" e-action-hash=\"#elementor-action%3Aaction%3Dlightbox%26settings%3DeyJpZCI6NDA5NiwidXJsIjoiaHR0cHM6XC9cL2FuaW1hLm1kXC93cC1jb250ZW50XC91cGxvYWRzXC8yMDI0XC8wMlwvNTQ4NjQwODktZDc3Mi00NWU5LWE2ZGMtMmMwNTdiODUzODRlLmpwZyIsInNsaWRlc2hvdyI6ImFmYjQwMWUifQ%3D%3D\" href='https:\/\/anima.md\/wp-content\/uploads\/2024\/02\/54864089-d772-45e9-a6dc-2c057b85384e.jpg'><img width=\"300\" height=\"251\" src=\"https:\/\/anima.md\/wp-content\/uploads\/2024\/02\/54864089-d772-45e9-a6dc-2c057b85384e-300x251.jpg\" class=\"attachment-medium size-medium\" alt=\"\" loading=\"lazy\" aria-describedby=\"gallery-1-4096\" \/><\/a>\n\t\t\t<\/div>\n\t\t\t\t<figcaption class='wp-caption-text gallery-caption' id='gallery-1-4096'>\n\t\t\t\tSalut, sunt Mihaela Butnara\u0219, \u0219i am creat acest studio pentru a oferi clien\u021bilor no\u0219tri o experien\u021b\u0103 unic\u0103 \u00een manichiur\u0103. La \u201dNAIL STUDIO\u201d, pasiunea pentru arta manichiurii prinde via\u021b\u0103 \u00een fiecare detaliu. Cu un echilibru perfect \u00eentre inova\u021bie \u0219i tradi\u021bie, studioul nostru ofer\u0103 servicii de manichiur\u0103 de \u00eenalt\u0103 calitate \u0219i design-uri personalizate, cre\u00e2nd astfel un spa\u021biu \u00een care frumuse\u021bea fiec\u0103rei cliente str\u0103luce\u0219te \u00een mod unic. Mi-am lansat afacerea \u00een propriul sat, \u00een care cred \u0219i \u00eemi doresc s\u0103 cresc ca profesionist\u0103. Am avut necesitate de 2000 euro suport financiar \u00een lansarea \u0219i dezvoltarea afacerii. Sum\u0103 asigurat\u0103 2000 euro!\n\t\t\t\t<\/figcaption><\/figure><figure class='gallery-item'>\n\t\t\t<div class='gallery-icon landscape'>\n\t\t\t\t<a data-elementor-open-lightbox=\"yes\" data-elementor-lightbox-slideshow=\"afb401e\" data-elementor-lightbox-title=\"71826124-de1b-4e8c-a0a7-5d96b152ed0b\" e-action-hash=\"#elementor-action%3Aaction%3Dlightbox%26settings%3DeyJpZCI6NDA5NSwidXJsIjoiaHR0cHM6XC9cL2FuaW1hLm1kXC93cC1jb250ZW50XC91cGxvYWRzXC8yMDI0XC8wMlwvNzE4MjYxMjQtZGUxYi00ZThjLWEwYTctNWQ5NmIxNTJlZDBiLmpwZyIsInNsaWRlc2hvdyI6ImFmYjQwMWUifQ%3D%3D\" href='https:\/\/anima.md\/wp-content\/uploads\/2024\/02\/71826124-de1b-4e8c-a0a7-5d96b152ed0b.jpg'><img width=\"300\" height=\"251\" src=\"https:\/\/anima.md\/wp-content\/uploads\/2024\/02\/71826124-de1b-4e8c-a0a7-5d96b152ed0b-300x251.jpg\" class=\"attachment-medium size-medium\" alt=\"\" loading=\"lazy\" aria-describedby=\"gallery-1-4095\" \/><\/a>\n\t\t\t<\/div>\n\t\t\t\t<figcaption class='wp-caption-text gallery-caption' id='gallery-1-4095'>\n\t\t\t\tSalut, sunt Nadejda Rudac, \u0219i am creat acest salon pentru a aduce o not\u0103 de elegan\u021b\u0103 \u00een \u00eengrijirea unghiilor \u00een comunitatea natal\u0103, \u00een satul unde m-am n\u0103scut. Visul meu a fost s\u0103  creez servicii calitative \u0219i aproape de tinerele din satul Tele\u0219euca raionul Dondu\u0219eni. Salonul de manichiur\u0103 &#8220;A\u0444\u0440\u043e\u0434\u0438\u0442\u0430&#8221; este amplasat \u00een centrul satului, \u00een incinta APL-ului unde am reu\u0219it s\u0103 iau chiriu de spa\u021biu \u0219i s\u0103 amenajez un col\u021b de rai pentru toate doamnele din raza satului.  Aici te invit \u00eentr-o oaz\u0103 de elegan\u021b\u0103 \u0219i rafinament, unde un personal talentat \u0219i dedicat transform\u0103 un simplu serviciu de manichiur\u0103 \u00eentr-o experien\u021b\u0103 luxuriant\u0103. Cu o gam\u0103 variat\u0103 de culori \u0219i tehnici creative, \u201dA\u0444\u0440\u043e\u0434\u0438\u0442\u0430\u201d redefine\u0219te standardele frumuse\u021bii pentru unghiile tale. Am avut necesitate de 2000 euro suport financiar \u00een lansarea \u0219i dezvoltarea afacerii. Sum\u0103 asigurat\u0103 2000 euro!\n\t\t\t\t<\/figcaption><\/figure><figure class='gallery-item'>\n\t\t\t<div class='gallery-icon landscape'>\n\t\t\t\t<a data-elementor-open-lightbox=\"yes\" data-elementor-lightbox-slideshow=\"afb401e\" data-elementor-lightbox-title=\"68ce99c1-99c7-49b4-8001-0f67884bd7e3\" e-action-hash=\"#elementor-action%3Aaction%3Dlightbox%26settings%3DeyJpZCI6NDA5NCwidXJsIjoiaHR0cHM6XC9cL2FuaW1hLm1kXC93cC1jb250ZW50XC91cGxvYWRzXC8yMDI0XC8wMlwvNjhjZTk5YzEtOTljNy00OWI0LTgwMDEtMGY2Nzg4NGJkN2UzLmpwZyIsInNsaWRlc2hvdyI6ImFmYjQwMWUifQ%3D%3D\" href='https:\/\/anima.md\/wp-content\/uploads\/2024\/02\/68ce99c1-99c7-49b4-8001-0f67884bd7e3.jpg'><img width=\"300\" height=\"251\" src=\"https:\/\/anima.md\/wp-content\/uploads\/2024\/02\/68ce99c1-99c7-49b4-8001-0f67884bd7e3-300x251.jpg\" class=\"attachment-medium size-medium\" alt=\"\" loading=\"lazy\" aria-describedby=\"gallery-1-4094\" \/><\/a>\n\t\t\t<\/div>\n\t\t\t\t<figcaption class='wp-caption-text gallery-caption' id='gallery-1-4094'>\n\t\t\t\tSalut, sunt Iuliana Cazacu, \u0219i am deschis acest salon cu dragoste pentru frumuse\u021be \u0219i aten\u021bie la detalii. Sunt o t\u00e2n\u0103r\u0103 din nord, care s-a \u00eendr\u0103gostit \u00een tot ce este frumos \u0219i mi-am dorit s\u0103 diseminez acest lucru. Cu suportul teoretic, financiar al programului @CATalizator am reu\u0219it \u00een 2023 s\u0103-mi lansez propria afacere \u0219i anume- Salonul de frumuse\u021be &#8220;ESSENCE LASH&#038;BROWS&#8221;. Acesta ofer\u0103 o gam\u0103 variat\u0103 de servicii pentru \u00eengrijirea \u0219i transformarea complet\u0103 a aspectului fiec\u0103rei cliente care ne p\u0103\u0219e\u0219te pragul. De la tunsori \u0219i coafuri moderne la manichiur\u0103 \u0219i pedichiur\u0103 impecabil\u0103, salonul se angajeaz\u0103 s\u0103 aduc\u0103 la via\u021b\u0103 stilul \u0219i elegan\u021ba personal\u0103 a fiec\u0103rui client. Cu servicii de \u00eenalt\u0103 calitate \u0219i o aten\u021bie deosebit\u0103 la detalii, salonul meu  reprezint\u0103 destina\u021bia ideal\u0103 pentru cei ce caut\u0103 un stil autentic \u0219i \u00eengrijire de calitate \u00een lumea frumuse\u021bii. Am avut necesitate de 2000 euro suport financiar \u00een lansarea \u0219i dezvoltarea afacerii. Sum\u0103 asigurat\u0103 2000 euro!\n\t\t\t\t<\/figcaption><\/figure><figure class='gallery-item'>\n\t\t\t<div class='gallery-icon landscape'>\n\t\t\t\t<a data-elementor-open-lightbox=\"yes\" data-elementor-lightbox-slideshow=\"afb401e\" data-elementor-lightbox-title=\"4c35ea9e-4201-41b0-a8bc-b58c776b8fa1\" e-action-hash=\"#elementor-action%3Aaction%3Dlightbox%26settings%3DeyJpZCI6NDA5MywidXJsIjoiaHR0cHM6XC9cL2FuaW1hLm1kXC93cC1jb250ZW50XC91cGxvYWRzXC8yMDI0XC8wMlwvNGMzNWVhOWUtNDIwMS00MWIwLWE4YmMtYjU4Yzc3NmI4ZmExLmpwZyIsInNsaWRlc2hvdyI6ImFmYjQwMWUifQ%3D%3D\" href='https:\/\/anima.md\/wp-content\/uploads\/2024\/02\/4c35ea9e-4201-41b0-a8bc-b58c776b8fa1.jpg'><img width=\"300\" height=\"251\" src=\"https:\/\/anima.md\/wp-content\/uploads\/2024\/02\/4c35ea9e-4201-41b0-a8bc-b58c776b8fa1-300x251.jpg\" class=\"attachment-medium size-medium\" alt=\"\" loading=\"lazy\" aria-describedby=\"gallery-1-4093\" \/><\/a>\n\t\t\t<\/div>\n\t\t\t\t<figcaption class='wp-caption-text gallery-caption' id='gallery-1-4093'>\n\t\t\t\tSalut, sunt Pozneacov Ecaterina, sunt o t\u00e2n\u0103r\u0103 din nord ce am luat decizia \u00eempreun\u0103 cu familia mea s\u0103 lans\u0103m o activitate economic\u0103 acas\u0103. Aici, \u00een satul natal am creat afacerea la care ne-am g\u00e2ndit \u00eempreun\u0103 cu so\u021bul meu. Afacerea are drept misiune de a  asigura deservirea tehnic\u0103 a automobilelor din comunitate \u0219i a cons\u0103tenilor no\u0219tri.  Cu echipa noastr\u0103 de tehnicieni dedica\u021bi, ne str\u0103duim s\u0103 oferim servicii de calitate, \u0219i zi de zi &#8220;Vulcanizare la Kamceatka&#8221; se distinge prin servicii rapide \u0219i profesionale \u00een domeniul repara\u021biilor \u0219i \u00eenlocuirii anvelopelor. Echipa noastr\u0103 de tehnicieni experimenta\u021bi ofer\u0103 consultan\u021b\u0103 specializat\u0103 pentru a alege cele mai potrivite anvelope pentru vehiculul t\u0103u, asigur\u00e2nd totodat\u0103 un nivel \u00eenalt de precizie \u00een echilibrare \u0219i aliniere. La &#8220;Vulcanizare la Kamceatka&#8221;, ne angaj\u0103m s\u0103 men\u021binem siguran\u021ba \u0219i performan\u021ba vehiculului t\u0103u prin servicii de calitate superioar\u0103 \u00een domeniul anvelopelor. Am avut necesitate de 2500 euro suport financiar \u00een dezvoltarea afacerii. Sum\u0103 asigurat\u0103 2500 euro!\n\t\t\t\t<\/figcaption><\/figure>\n\t\t<\/div>\n\t\t<\/div>\n\t\t\t\t<\/div>\n\t\t\t\t<\/div>\n\t\t\t\t\t<\/div>\n\t\t<\/div>\n\t\t\t\t\t\t\t<\/div>\n\t\t<\/section>\n\t\t\t\t\t\t\t<\/div>\n\t\t","protected":false},"excerpt":{"rendered":"","protected":false},"author":2,"featured_media":0,"parent":0,"menu_order":0,"comment_status":"closed","ping_status":"closed","template":"","meta":[],"yoast_head":"<!-- This site is optimized with the Yoast SEO plugin v15.5 - https:\/\/yoast.com\/wordpress\/plugins\/seo\/ -->\n<title>2021 economic - ANIMA<\/title>\n<meta name=\"robots\" content=\"index, follow, max-snippet:-1, max-image-preview:large, max-video-preview:-1\" \/>\n<link rel=\"canonical\" href=\"https:\/\/anima.md\/en\/2023-economic\/\" \/>\n<meta property=\"og:locale\" content=\"en_US\" \/>\n<meta property=\"og:type\" content=\"article\" \/>\n<meta property=\"og:title\" content=\"[:ru]2021 economic[:ro]2023 economic[:en]2021 economic[:] - ANIMA\" \/>\n<meta property=\"og:url\" content=\"https:\/\/anima.md\/en\/2023-economic\/\" \/>\n<meta property=\"og:site_name\" content=\"ANIMA\" \/>\n<meta property=\"article:modified_time\" content=\"2024-02-07T19:36:02+00:00\" \/>\n<meta property=\"og:image\" content=\"http:\/\/anima.md\/wp-content\/uploads\/2024\/02\/79000463-51f4-4631-811a-2740268fba79-300x251.jpg\" \/>\n<meta name=\"twitter:card\" content=\"summary_large_image\" \/>\n<meta name=\"twitter:label1\" content=\"Est. reading time\">\n\t<meta name=\"twitter:data1\" content=\"0 minutes\">\n<script type=\"application\/ld+json\" class=\"yoast-schema-graph\">{\"@context\":\"https:\/\/schema.org\",\"@graph\":[{\"@type\":\"WebSite\",\"@id\":\"https:\/\/anima.md\/ru\/#website\",\"url\":\"https:\/\/anima.md\/ru\/\",\"name\":\"ANIMA\",\"description\":\"AO Centrul de Instruire \\u0219i Dezvoltare Personal\\u0103 \\u201dAnima\\u201d\",\"potentialAction\":[{\"@type\":\"SearchAction\",\"target\":\"https:\/\/anima.md\/ru\/?s={search_term_string}\",\"query-input\":\"required name=search_term_string\"}],\"inLanguage\":\"en-US\"},{\"@type\":\"ImageObject\",\"@id\":\"https:\/\/anima.md\/en\/2023-economic\/#primaryimage\",\"inLanguage\":\"en-US\",\"url\":\"http:\/\/anima.md\/wp-content\/uploads\/2024\/02\/79000463-51f4-4631-811a-2740268fba79-300x251.jpg\"},{\"@type\":\"WebPage\",\"@id\":\"https:\/\/anima.md\/en\/2023-economic\/#webpage\",\"url\":\"https:\/\/anima.md\/en\/2023-economic\/\",\"name\":\"[:ru]2021 economic[:ro]2023 economic[:en]2021 economic[:] - ANIMA\",\"isPartOf\":{\"@id\":\"https:\/\/anima.md\/ru\/#website\"},\"primaryImageOfPage\":{\"@id\":\"https:\/\/anima.md\/en\/2023-economic\/#primaryimage\"},\"datePublished\":\"2021-10-08T14:47:35+00:00\",\"dateModified\":\"2024-02-07T19:36:02+00:00\",\"inLanguage\":\"en-US\",\"potentialAction\":[{\"@type\":\"ReadAction\",\"target\":[\"https:\/\/anima.md\/en\/2023-economic\/\"]}]}]}<\/script>\n<!-- \/ Yoast SEO plugin. -->","rttpg_featured_image_url":null,"rttpg_author":{"display_name":"ANIMA Service Administrator","author_link":"https:\/\/anima.md\/en\/author\/service-administrator\/"},"rttpg_comment":0,"rttpg_category":null,"rttpg_excerpt":null,"_links":{"self":[{"href":"https:\/\/anima.md\/en\/wp-json\/wp\/v2\/pages\/2195"}],"collection":[{"href":"https:\/\/anima.md\/en\/wp-json\/wp\/v2\/pages"}],"about":[{"href":"https:\/\/anima.md\/en\/wp-json\/wp\/v2\/types\/page"}],"author":[{"embeddable":true,"href":"https:\/\/anima.md\/en\/wp-json\/wp\/v2\/users\/2"}],"replies":[{"embeddable":true,"href":"https:\/\/anima.md\/en\/wp-json\/wp\/v2\/comments?post=2195"}],"version-history":[{"count":0,"href":"https:\/\/anima.md\/en\/wp-json\/wp\/v2\/pages\/2195\/revisions"}],"wp:attachment":[{"href":"https:\/\/anima.md\/en\/wp-json\/wp\/v2\/media?parent=2195"}],"curies":[{"name":"wp","href":"https:\/\/api.w.org\/{rel}","templated":true}]}}