{"id":1802,"date":"2021-03-04T20:22:18","date_gmt":"2021-03-04T20:22:18","guid":{"rendered":"http:\/\/anima.md\/?page_id=1802"},"modified":"2021-03-30T18:50:53","modified_gmt":"2021-03-30T18:50:53","slug":"voluntariat","status":"publish","type":"page","link":"https:\/\/anima.md\/en\/voluntariat\/","title":{"rendered":"Voluntariat"},"content":{"rendered":"\t\t<div data-elementor-type=\"wp-page\" data-elementor-id=\"1802\" class=\"elementor elementor-1802\">\n\t\t\t\t\t\t\t\t\t<section class=\"elementor-section elementor-top-section elementor-element elementor-element-4e8e9da elementor-section-boxed elementor-section-height-default elementor-section-height-default\" data-id=\"4e8e9da\" data-element_type=\"section\">\n\t\t\t\t\t\t<div class=\"elementor-container elementor-column-gap-default\">\n\t\t\t\t\t<div class=\"elementor-column elementor-col-100 elementor-top-column elementor-element elementor-element-3db4926\" data-id=\"3db4926\" data-element_type=\"column\">\n\t\t\t<div class=\"elementor-widget-wrap elementor-element-populated\">\n\t\t\t\t\t\t\t\t<div class=\"elementor-element elementor-element-95a54dc elementor-widget elementor-widget-spacer\" data-id=\"95a54dc\" data-element_type=\"widget\" data-widget_type=\"spacer.default\">\n\t\t\t\t<div class=\"elementor-widget-container\">\n\t\t\t\t\t<div class=\"elementor-spacer\">\n\t\t\t<div class=\"elementor-spacer-inner\"><\/div>\n\t\t<\/div>\n\t\t\t\t<\/div>\n\t\t\t\t<\/div>\n\t\t\t\t\t<\/div>\n\t\t<\/div>\n\t\t\t\t\t\t\t<\/div>\n\t\t<\/section>\n\t\t\t\t<section class=\"elementor-section elementor-top-section elementor-element elementor-element-18e127e elementor-section-boxed elementor-section-height-default elementor-section-height-default\" data-id=\"18e127e\" data-element_type=\"section\">\n\t\t\t\t\t\t<div class=\"elementor-container elementor-column-gap-default\">\n\t\t\t\t\t<div class=\"elementor-column elementor-col-50 elementor-top-column elementor-element elementor-element-955a79e\" data-id=\"955a79e\" data-element_type=\"column\">\n\t\t\t<div class=\"elementor-widget-wrap elementor-element-populated\">\n\t\t\t\t\t\t\t\t<div class=\"elementor-element elementor-element-0357db1 elementor-align-justify elementor-widget elementor-widget-button\" data-id=\"0357db1\" data-element_type=\"widget\" data-widget_type=\"button.default\">\n\t\t\t\t<div class=\"elementor-widget-container\">\n\t\t\t\t\t<div class=\"elementor-button-wrapper\">\n\t\t\t<a href=\"https:\/\/anima.md\/programe\/\" target=\"_blank\" class=\"elementor-button-link elementor-button elementor-size-xl elementor-animation-shrink\" role=\"button\">\n\t\t\t\t\t\t<span class=\"elementor-button-content-wrapper\">\n\t\t\t\t\t\t<span class=\"elementor-button-text\">Programe<\/span>\n\t\t<\/span>\n\t\t\t\t\t<\/a>\n\t\t<\/div>\n\t\t\t\t<\/div>\n\t\t\t\t<\/div>\n\t\t\t\t\t<\/div>\n\t\t<\/div>\n\t\t\t\t<div class=\"elementor-column elementor-col-50 elementor-top-column elementor-element elementor-element-d794de8\" data-id=\"d794de8\" data-element_type=\"column\">\n\t\t\t<div class=\"elementor-widget-wrap elementor-element-populated\">\n\t\t\t\t\t\t\t\t<div class=\"elementor-element elementor-element-c351322 elementor-align-justify elementor-widget elementor-widget-button\" data-id=\"c351322\" data-element_type=\"widget\" data-widget_type=\"button.default\">\n\t\t\t\t<div class=\"elementor-widget-container\">\n\t\t\t\t\t<div class=\"elementor-button-wrapper\">\n\t\t\t<a href=\"https:\/\/anima.md\/rapoarte\/\" target=\"_blank\" class=\"elementor-button-link elementor-button elementor-size-xl elementor-animation-shrink\" role=\"button\">\n\t\t\t\t\t\t<span class=\"elementor-button-content-wrapper\">\n\t\t\t\t\t\t<span class=\"elementor-button-text\">Rapoarte<\/span>\n\t\t<\/span>\n\t\t\t\t\t<\/a>\n\t\t<\/div>\n\t\t\t\t<\/div>\n\t\t\t\t<\/div>\n\t\t\t\t\t<\/div>\n\t\t<\/div>\n\t\t\t\t\t\t\t<\/div>\n\t\t<\/section>\n\t\t\t\t<section class=\"elementor-section elementor-top-section elementor-element elementor-element-d98547d elementor-section-boxed elementor-section-height-default elementor-section-height-default\" data-id=\"d98547d\" data-element_type=\"section\">\n\t\t\t\t\t\t<div class=\"elementor-container elementor-column-gap-default\">\n\t\t\t\t\t<div class=\"elementor-column elementor-col-100 elementor-top-column elementor-element elementor-element-2ece501\" data-id=\"2ece501\" data-element_type=\"column\">\n\t\t\t<div class=\"elementor-widget-wrap elementor-element-populated\">\n\t\t\t\t\t\t\t\t<div class=\"elementor-element elementor-element-95e772c elementor-widget elementor-widget-text-editor\" data-id=\"95e772c\" data-element_type=\"widget\" data-widget_type=\"text-editor.default\">\n\t\t\t\t<div class=\"elementor-widget-container\">\n\t\t\t\t\t\t\t\t\t\t\t\t\t<\/div>\n\t\t\t\t<\/div>\n\t\t\t\t\t<\/div>\n\t\t<\/div>\n\t\t\t\t\t\t\t<\/div>\n\t\t<\/section>\n\t\t\t\t<section class=\"elementor-section elementor-top-section elementor-element elementor-element-d7638c5 elementor-section-boxed elementor-section-height-default elementor-section-height-default\" data-id=\"d7638c5\" data-element_type=\"section\">\n\t\t\t\t\t\t<div class=\"elementor-container elementor-column-gap-default\">\n\t\t\t\t\t<div class=\"elementor-column elementor-col-33 elementor-top-column elementor-element elementor-element-96fb2ef\" data-id=\"96fb2ef\" data-element_type=\"column\">\n\t\t\t<div class=\"elementor-widget-wrap elementor-element-populated\">\n\t\t\t\t\t\t\t\t<div class=\"elementor-element elementor-element-ec659f5 elementor-widget elementor-widget-text-editor\" data-id=\"ec659f5\" data-element_type=\"widget\" data-widget_type=\"text-editor.default\">\n\t\t\t\t<div class=\"elementor-widget-container\">\n\t\t\t\t\t\t\t<p>AO CIDP Anima este institu\u021bie gazd\u0103 a activit\u0103\u021bilor de voluntariat din anul 2017, acreditat\u0103 de Ministerul Educa\u021biei, Culturii \u0219i Cercet\u0103rii al Republicii Moldova.<\/p><p>Statutul organiza\u021biei sus\u021bine urm\u0103toarele obiective:<\/p><ol><li>Contribuirea la dezvoltarea comunit\u0103\u0163ii prin elaborarea \u015fi implementarea diferitor programe sociale, psihologice, juridice, ecologice, economice, culturale, activism \u0219i liderism, etc.;<\/li><li>Stimularea ini\u0163iativei de participare a tinerilor la solu\u0163ionarea problemelor din societate;<\/li><\/ol><p>\u00a0<\/p>\t\t\t\t\t\t<\/div>\n\t\t\t\t<\/div>\n\t\t\t\t\t<\/div>\n\t\t<\/div>\n\t\t\t\t<div class=\"elementor-column elementor-col-66 elementor-top-column elementor-element elementor-element-d243d32\" data-id=\"d243d32\" data-element_type=\"column\">\n\t\t\t<div class=\"elementor-widget-wrap elementor-element-populated\">\n\t\t\t\t\t\t\t\t<div class=\"elementor-element elementor-element-66ab66b elementor-widget elementor-widget-image\" data-id=\"66ab66b\" data-element_type=\"widget\" data-widget_type=\"image.default\">\n\t\t\t\t<div class=\"elementor-widget-container\">\n\t\t\t\t\t\t\t\t\t\t\t\t\t\t\t\t<a href=\"https:\/\/anima.md\/wp-content\/uploads\/2021\/03\/167371587_251288856693396_2578914684005039955_n.jpg\" data-elementor-open-lightbox=\"yes\" data-elementor-lightbox-title=\"167371587_251288856693396_2578914684005039955_n\" e-action-hash=\"#elementor-action%3Aaction%3Dlightbox%26settings%3DeyJpZCI6MTg3MiwidXJsIjoiaHR0cHM6XC9cL2FuaW1hLm1kXC93cC1jb250ZW50XC91cGxvYWRzXC8yMDIxXC8wM1wvMTY3MzcxNTg3XzI1MTI4ODg1NjY5MzM5Nl8yNTc4OTE0Njg0MDA1MDM5OTU1X24uanBnIn0%3D\">\n\t\t\t\t\t\t\t<img width=\"640\" height=\"360\" src=\"https:\/\/anima.md\/wp-content\/uploads\/2021\/03\/167371587_251288856693396_2578914684005039955_n.jpg\" class=\"attachment-large size-large\" alt=\"\" loading=\"lazy\" \/>\t\t\t\t\t\t\t\t<\/a>\n\t\t\t\t\t\t\t\t\t\t\t\t\t\t\t<\/div>\n\t\t\t\t<\/div>\n\t\t\t\t\t<\/div>\n\t\t<\/div>\n\t\t\t\t\t\t\t<\/div>\n\t\t<\/section>\n\t\t\t\t<section class=\"elementor-section elementor-top-section elementor-element elementor-element-26a858f elementor-section-boxed elementor-section-height-default elementor-section-height-default\" data-id=\"26a858f\" data-element_type=\"section\">\n\t\t\t\t\t\t<div class=\"elementor-container elementor-column-gap-default\">\n\t\t\t\t\t<div class=\"elementor-column elementor-col-100 elementor-top-column elementor-element elementor-element-acb6a7d\" data-id=\"acb6a7d\" data-element_type=\"column\">\n\t\t\t<div class=\"elementor-widget-wrap elementor-element-populated\">\n\t\t\t\t\t\t\t\t<div class=\"elementor-element elementor-element-f6c5d4f elementor-widget elementor-widget-text-editor\" data-id=\"f6c5d4f\" data-element_type=\"widget\" data-widget_type=\"text-editor.default\">\n\t\t\t\t<div class=\"elementor-widget-container\">\n\t\t\t\t\t\t\t<p>3.Crearea condi\u0163iilor pentru recunoa\u015fterea statutului de voluntar \u00een societate;<\/p><p>4.Crearea condi\u0163iilor optime pentru instruirea voluntarilor \u015fi dezvoltarea voluntariatului \u00een diverse domenii sociale;<\/p><p>5.Dezvoltarea rela\u0163iilor de parteneriat at\u00eet la nivel de comunitate, c\u00eet \u015fi cu organiza\u0163ii similare din \u0163ar\u0103 \u015fi str\u0103in\u0103tate;<\/p><p>6.Oferirea oportunit\u0103\u0163ii de c\u0103p\u0103tare a experien\u0163ei \u00een domeniul \u00een care voluntarul \u00ee\u015fi face studiile;<\/p><p>Sus\u0163inerea organiza\u0163iilor de stat \u015fi nonguvernamentale prin referirea voluntarilor c\u0103tre acestea.<\/p><p>\u00cen 2020 a fost reacreditat\u0103 de Comisia de certificare a institu\u021biilor gazd\u0103 de voluntariat.<\/p><p>Organiza\u021bia promoveaz\u0103 valoarea voluntariatului \u0219i al activismului comunitar prin dezvoltarea proiectelor \u0219i programelor de voluntariat.<\/p><p>\u00cen 2020 OA CIDP Anima a coordonat S\u0103pt\u0103m\u00e2na Na\u021bional\u0103 a Voluntariatului 2020 ALTFel <strong>(#SNV2020ALTFel)<\/strong> la nivel na\u021bional cu implicarea a 30 de Coordonatori Locali \u0219i peste 45 de localit\u0103\u021bi.<\/p><p><strong><u>Voluntariatul = Oportunitate pentru tineri<\/u><\/strong><\/p><p>\u00cen baza Certificatului de institu\u021bie gazd\u0103 a activit\u0103\u021bilor de voluntariat, organiza\u021bia:<\/p><ul><li>\u00eencheie acorduri de voluntariat,<\/li><li>ofer\u0103 Carnete de voluntar;<\/li><li>Certificate nominale de voluntariat;<\/li><li>Scrisori de recomandare &amp; motivare pentru voluntarii organiza\u021biei;<\/li><\/ul><p>Voluntarul are parte de :<\/p><ul><li>Emo\u021bii;<\/li><li>Cre\u0219tere personal\u0103;<\/li><li>Note pentru cv;<\/li><li>Experien\u021b\u0103 de munc\u0103;<\/li><li>Bun\u0103 dispozi\u021bie;<\/li><li>Afirmare \u00een societate;<\/li><li>Contribuire la dezvoltarea comunit\u0103\u021bii;<\/li><li>Prieteni;<\/li><li>Schimb de experien\u021b\u0103;<\/li><li>C\u0103l\u0103torii;<\/li><li>Aventur\u0103;<\/li><li>Sesiuni de formare;<\/li><li>Training-uri;<\/li><li>\u0218coli de var\u0103&#8230;<\/li><\/ul><p>Activitatea voluntarilor \u00een organiza\u021bie poate fi cu caracter:<\/p><ol><li>De timp &#8211;\u00a0 \u00a0 \u00a0 \u00a0 \u00a0 \u00a0 \u00a0 \u00a0<\/li><\/ol><ul><li>unic;<\/li><li>periodic;<\/li><li>temporar;<\/li><li>\u00a0<\/li><\/ul><ol><li>De implicare \u2013<\/li><\/ol><ul><li>per program;<\/li><li>per proiect;<\/li><li>per activitate.<\/li><\/ul><ol><li>De form\u0103 \u2013<\/li><\/ol><ul><li>individual\u0103;<\/li><li>cu mentor;<\/li><li>de grup.<\/li><\/ul><p><strong>Pentru a face parte din Echipa Voluntarilor AO CIDP ANIMA!<\/strong><\/p><ol><li>Oric\u00e2nd &#8211; aplici cu cv \u0219i scrisoare de motivare la adresa <a href=\"mailto:ngo.anima@gmail.com\">anima@gmail.com<\/a> unde indici domeniul \u00een care \u00ee\u021bi dore\u0219ti s\u0103 faci voluntariat ; sau<\/li><li>Urm\u0103re\u0219ti anun\u021burile de recrutare a voluntarilor la programele\/proiectele\/activit\u0103\u021bile tematice desf\u0103\u0219urate de organiza\u021bie la moment, la care te reg\u0103se\u0219ti! sau<\/li><li>Te \u00eenregistrezi la o vizit\u0103 de studiu la organiza\u021bie la adresa <a href=\"mailto:ngo.anima@gmail.com\">anima@gmail.com<\/a> pentru a face cuno\u0219tin\u021b\u0103 cu echipa\/ specificul \u0219i direc\u021bia organiza\u021biei; sau<\/li><li>Aplici pentru a desf\u0103\u0219ura practica universitar\u0103 la organiza\u021bie la adresa <a href=\"mailto:ngo.anima@gmail.com\">anima@gmail.com<\/a> cu indicarea domeniului \u00een care \u00ee\u021bi dore\u0219ti s\u0103 faci voluntariat! sau<\/li><li>Analizezi <strong><u>Programul anual de voluntariat<\/u><\/strong> anexat pe pagin\u0103 pentru a identifica programele\/proiectele\/activit\u0103\u021bile planificate de echipa organiza\u021biei \u0219i aplici pentru unul sau mai multe prin mesaj \u0219i scrisoare de motivare la adresa <a href=\"mailto:ngo.anima@gmail.com\">anima@gmail.com<\/a> .<\/li><\/ol><p>To\u021bi poten\u021bialii voluntari vor fi invita\u021bi la interviu!<\/p><p>\u00a0<\/p><p>Activitatea de voluntariat va lua <strong>START<\/strong> \u00een organiza\u021bie doar dup\u0103 formare \u00een domeniu \u0219i familiarizare cu Regulamentul de voluntariat\/ Programele de voluntariat \u0219i Codul Etic al organiza\u021biei!<\/p>\t\t\t\t\t\t<\/div>\n\t\t\t\t<\/div>\n\t\t\t\t\t<\/div>\n\t\t<\/div>\n\t\t\t\t\t\t\t<\/div>\n\t\t<\/section>\n\t\t\t\t\t\t\t<\/div>\n\t\t","protected":false},"excerpt":{"rendered":"<p>Programe Rapoarte AO CIDP Anima este institu\u021bie gazd\u0103 a activit\u0103\u021bilor de voluntariat din anul 2017, acreditat\u0103 de Ministerul Educa\u021biei, Culturii \u0219i Cercet\u0103rii al Republicii Moldova. Statutul organiza\u021biei sus\u021bine urm\u0103toarele obiective:&#8230;<\/p>\n","protected":false},"author":1,"featured_media":0,"parent":0,"menu_order":0,"comment_status":"closed","ping_status":"closed","template":"","meta":[],"yoast_head":"<!-- This site is optimized with the Yoast SEO plugin v15.5 - https:\/\/yoast.com\/wordpress\/plugins\/seo\/ -->\n<title>Voluntariat - ANIMA<\/title>\n<meta name=\"robots\" content=\"index, follow, max-snippet:-1, max-image-preview:large, max-video-preview:-1\" \/>\n<link rel=\"canonical\" href=\"https:\/\/anima.md\/voluntariat\/\" \/>\n<meta property=\"og:locale\" content=\"en_US\" \/>\n<meta property=\"og:type\" content=\"article\" \/>\n<meta property=\"og:title\" content=\"Voluntariat - ANIMA\" \/>\n<meta property=\"og:description\" content=\"Programe Rapoarte AO CIDP Anima este institu\u021bie gazd\u0103 a activit\u0103\u021bilor de voluntariat din anul 2017, acreditat\u0103 de Ministerul Educa\u021biei, Culturii \u0219i Cercet\u0103rii al Republicii Moldova. Statutul organiza\u021biei sus\u021bine urm\u0103toarele obiective:...\" \/>\n<meta property=\"og:url\" content=\"https:\/\/anima.md\/voluntariat\/\" \/>\n<meta property=\"og:site_name\" content=\"ANIMA\" \/>\n<meta property=\"article:modified_time\" content=\"2021-03-30T18:50:53+00:00\" \/>\n<meta property=\"og:image\" content=\"http:\/\/anima.md\/wp-content\/uploads\/2021\/03\/167371587_251288856693396_2578914684005039955_n.jpg\" \/>\n<meta name=\"twitter:card\" content=\"summary_large_image\" \/>\n<meta name=\"twitter:label1\" content=\"Est. reading time\">\n\t<meta name=\"twitter:data1\" content=\"2 minutes\">\n<script type=\"application\/ld+json\" class=\"yoast-schema-graph\">{\"@context\":\"https:\/\/schema.org\",\"@graph\":[{\"@type\":\"WebSite\",\"@id\":\"https:\/\/anima.md\/ru\/#website\",\"url\":\"https:\/\/anima.md\/ru\/\",\"name\":\"ANIMA\",\"description\":\"AO Centrul de Instruire \\u0219i Dezvoltare Personal\\u0103 \\u201dAnima\\u201d\",\"potentialAction\":[{\"@type\":\"SearchAction\",\"target\":\"https:\/\/anima.md\/ru\/?s={search_term_string}\",\"query-input\":\"required name=search_term_string\"}],\"inLanguage\":\"en-US\"},{\"@type\":\"ImageObject\",\"@id\":\"https:\/\/anima.md\/voluntariat\/#primaryimage\",\"inLanguage\":\"en-US\",\"url\":\"http:\/\/anima.md\/wp-content\/uploads\/2021\/03\/167371587_251288856693396_2578914684005039955_n.jpg\"},{\"@type\":\"WebPage\",\"@id\":\"https:\/\/anima.md\/voluntariat\/#webpage\",\"url\":\"https:\/\/anima.md\/voluntariat\/\",\"name\":\"Voluntariat - ANIMA\",\"isPartOf\":{\"@id\":\"https:\/\/anima.md\/ru\/#website\"},\"primaryImageOfPage\":{\"@id\":\"https:\/\/anima.md\/voluntariat\/#primaryimage\"},\"datePublished\":\"2021-03-04T20:22:18+00:00\",\"dateModified\":\"2021-03-30T18:50:53+00:00\",\"inLanguage\":\"en-US\",\"potentialAction\":[{\"@type\":\"ReadAction\",\"target\":[\"https:\/\/anima.md\/voluntariat\/\"]}]}]}<\/script>\n<!-- \/ Yoast SEO plugin. -->","rttpg_featured_image_url":null,"rttpg_author":{"display_name":"xpedition_23","author_link":"https:\/\/anima.md\/en\/author\/xpedition_23\/"},"rttpg_comment":0,"rttpg_category":null,"rttpg_excerpt":"Programe Rapoarte AO CIDP Anima este institu\u021bie gazd\u0103 a activit\u0103\u021bilor de voluntariat din anul 2017, acreditat\u0103 de Ministerul Educa\u021biei, Culturii \u0219i Cercet\u0103rii al Republicii Moldova. Statutul organiza\u021biei sus\u021bine urm\u0103toarele obiective:...","_links":{"self":[{"href":"https:\/\/anima.md\/en\/wp-json\/wp\/v2\/pages\/1802"}],"collection":[{"href":"https:\/\/anima.md\/en\/wp-json\/wp\/v2\/pages"}],"about":[{"href":"https:\/\/anima.md\/en\/wp-json\/wp\/v2\/types\/page"}],"author":[{"embeddable":true,"href":"https:\/\/anima.md\/en\/wp-json\/wp\/v2\/users\/1"}],"replies":[{"embeddable":true,"href":"https:\/\/anima.md\/en\/wp-json\/wp\/v2\/comments?post=1802"}],"version-history":[{"count":0,"href":"https:\/\/anima.md\/en\/wp-json\/wp\/v2\/pages\/1802\/revisions"}],"wp:attachment":[{"href":"https:\/\/anima.md\/en\/wp-json\/wp\/v2\/media?parent=1802"}],"curies":[{"name":"wp","href":"https:\/\/api.w.org\/{rel}","templated":true}]}}