{"id":1660,"date":"2021-02-15T16:27:58","date_gmt":"2021-02-15T16:27:58","guid":{"rendered":"http:\/\/anima.md\/?page_id=1660"},"modified":"2021-02-15T17:17:13","modified_gmt":"2021-02-15T17:17:13","slug":"istorie","status":"publish","type":"page","link":"https:\/\/anima.md\/en\/istorie\/","title":{"rendered":"Istorie"},"content":{"rendered":"\n<p>AO CIDP ANIMA este o organiza\u021bie pl\u0103smuit\u0103 pentru tineri \u0219i cu tineri,\u00a0 \u0219i dezvoltarea voluntariatului \u00een comunitate. Organiza\u021bia a fost creat\u0103 \u00een anul 2012 de un grup de tineri, studen\u021bi entuzia\u0219ti \u0219i activi\u0219ti, din nordul \u021a\u0103rii.<\/p>\n\n\n\n<p>Pe parcursul primelor 5 ani de activitate a organiza\u021biei, membrii echipei Anima au activat voluntar pentru a dezvolta organiza\u021bia \u0219i a-\u0219i cre\u0219te competen\u021bele \u00een domeniul asociativ. Astfel au participat la un \u0219ir de form\u0103ri, schimburi de experien\u021b\u0103, cursuri \u0219i vizite de studiu na\u021bionale \u0219i interna\u021bionale.<\/p>\n\n\n\n<p>\u00cen 2020\u00a0 &#8211; este nominalizat\u0103 la categoria <strong>\u201dCea mai activ\u0103 organiza\u021bie de tinere al anului 2020 din municipiului B\u0103l\u021bi\u201d<\/strong> de c\u0103tre Prim\u0103ria B\u0103l\u021bi, Direc\u021bia \u00cenv\u0103\u021b\u0103m\u00e2nt, Tineret \u0219i Sport B\u0103l\u021bi, Sec\u021bia Tineret \u0219i Sport la Gala municipal\u0103 \u00een domeniul de tineret 2020.<\/p>\n\n\n\n<div class=\"wp-block-image\"><figure class=\"alignright size-large is-resized\"><img loading=\"lazy\" src=\"http:\/\/anima.md\/wp-content\/uploads\/2020\/12\/punct-1.jpg\" alt=\"\" class=\"wp-image-1301\" width=\"432\" height=\"242\"\/><\/figure><\/div>\n\n\n\n<p><strong>Abreviere: <\/strong>AO CIDP \u201cAnima\u201d<\/p>\n\n\n\n<p><strong>Director executiv: <\/strong>Mihalcean Nonna<\/p>\n\n\n\n<p><strong>Localitate\/ sediul: <\/strong>B\u0103l\u021bi<\/p>\n\n\n\n<p><strong>Telefon: (<\/strong>+373&nbsp;680) 08 755<\/p>\n\n\n\n<p><strong>Email: <\/strong><a href=\"mailto:ngo.anima@gmail.com\">ngo.anima@gmail.com<\/a><\/p>\n\n\n\n<p><strong>Forma juridic\u0103: <\/strong>Asocia\u021bie Ob\u0219teasc\u0103<\/p>\n\n\n\n<p><strong>Anul fond\u0103rii: <\/strong>2012<\/p>\n\n\n\n<p><strong>Anii de re\u00e2nregistrare<\/strong>: 2019\/2020<\/p>\n\n\n\n<p><strong>Fb:<\/strong> <a href=\"https:\/\/www.facebook.com\/anticafeneabalti\/\">https:\/\/www.facebook.com\/anticafeneabalti\/<\/a><\/p>\n\n\n\n<p><a href=\"https:\/\/www.facebook.com\/CIDPAnima\/?modal=admin_todo_tour\">https:\/\/www.facebook.com\/CIDPAnima\/?modal=admin_todo_tour<\/a><\/p>\n\n\n\n<p><strong>Yutube: <\/strong><a href=\"https:\/\/www.youtube.com\/channel\/UC-tVl0WgVYff_4_KpsKkhEw\/videos\">https:\/\/www.youtube.com\/channel\/UC-tVl0WgVYff_4_KpsKkhEw\/videos<\/a><strong><\/strong><\/p>\n\n\n\n<p><strong>Fondator:<\/strong> unicul spa\u021biu de socializare \u0219i dezvoltare personal\u0103 \u201d<strong><em>Anticafeneaua din B\u0103l\u021bi\u201d<\/em><\/strong> \u0219i programa de sus\u021binere a ini\u021biativelor de tineret \u201dC<strong>ATalizator\u201d.<\/strong><\/p>\n\n\n\n<p><strong>Descrierea organizatiei: <\/strong>Asocia\u021bia ob\u0219teasc\u0103 CIDP \u201cANIMA\u201d este o organiza\u021bie ob\u0219teasc\u0103, nonprofit, neguvernamental\u0103, apolitic\u0103, constituit\u0103 prin libera manifestare a voin\u021bei persoanelor asociate \u00een vederea realiz\u0103rii \u00een comun a scopurilor stipulate \u00een statut.<\/p>\n\n\n\n<p><strong>Misiunea: <\/strong>Implicarea comunit\u0103\u021bii \u00een dezvoltarea \u0219i consolidarea societ\u0103\u021bii prin promovarea \u0219i sus\u021binerea diferitor activit\u0103\u021bi \u0219i ini\u021biative comunitare, educative, culturale \u0219i de protec\u021bie a mediului.<\/p>\n\n\n\n<p><strong>Scopul: <\/strong>AO CIDP \u201cANIMA\u201d pledeaz\u0103 pentru o dezvoltare sustenabil\u0103 a societ\u0103\u021bii, \u00eencurajeaz\u0103 \u0219i sus\u021bine implicarea genera\u021biei tinere \u00een solu\u021bionarea problemelor existente, promoveaz\u0103 patrimoniul cultural \u0219i principiile bunei guvern\u0103ri.<\/p>\n\n\n\n<p><strong>Domenii prioritare:<\/strong><\/p>\n\n\n\n<ul><li><strong><em>Programul : <\/em><\/strong><strong>Dezvoltarea organiza\u021bional\u0103 \u0219i socializare<\/strong><\/li><li><strong><em>Programul : <\/em><\/strong><strong>DREPTURILE GENERA\u021aIEI TINERE<\/strong><\/li><li><strong><em>Programul: <\/em><\/strong><strong>Tinerii \u0219i Patrimoniul cultural<\/strong><\/li><\/ul>\n\n\n\n<p><em>Asocia\u021bia AO CIDP ANIMA este fondatoarea \u0219i implementatoarea primului spa\u021biu de socializare \u0219i dezvoltare personal\u0103 Anticafeneaua din B\u0103l\u021bi. Acesta este un spa\u021biu unic \u00een RM \u00een care tinerii particip\u0103 la diverse programe de dezvoltare personal\u0103, implementeaz\u0103 proiecte personale, particip\u0103 la training-uri, \u0219i se socializeaz\u0103 zilnic \u00een stil non formal. Asocia\u021bia asigur\u0103 continuu dezvoltarea tehnic\u0103 \u0219i organiza\u021bional\u0103 al platformei Anticafeneaua din B\u0103l\u021bi \u0219i o asigur\u0103 cu programe pentru tineret. Echipa de formatori al asocia\u021biei particip\u0103 continu la form\u0103ri na\u021bionale \u0219i interna\u021bionale tematice \u0219i dezvolt\u0103 programe noi de tineret.<\/em><\/p>\n\n\n\n<p><a href=\"http:\/\/dits-balti.md\/3-ani-de-activitate-a-primului-spatiu-de-socializare_anticafenea-balti-dragobete\/\">http:\/\/dits-balti.md\/3-ani-de-activitate-a-primului-spatiu-de-socializare_anticafenea-balti-dragobete\/<\/a><\/p>\n\n\n\n<p><strong><u>Documente reglementorii aprobate pe organiza\u021bie:<\/u><\/strong><\/p>\n\n\n\n<ol type=\"1\"><li><strong>Politici Contabile;<\/strong><\/li><li><strong>Codul Etic;<\/strong><\/li><li><strong>Regulamentul intern de func\u021bionare \u2013 Politici Resurse umane;<\/strong><\/li><li><strong>Strategia de Dezvoltare a organiza\u021biei 2019-2024;<\/strong><\/li><\/ol>\n\n\n\n<p><strong>Proiecte\/ Ini\u021biative implimentate \u00een &nbsp;2016\u20142017 \u2013 Primii pa\u0219i ai organiza\u021biei:<\/strong><\/p>\n\n\n\n<ul><li>Partener de implimentare \u2013 proiectul ,,\u0218ahul-joc ce dezvolt\u0103 inteligen\u021ba,, \u2013UNDP, finantare de 2000 $, 2016;<\/li><li>Rea\u021beaua de voluntari din Nord (S\u00eengerei-R\u00ee\u0219cani-B\u0103l\u021bi) \u2013 voluntariat, 2016;<\/li><li>Parteneri de implimentare a proiectului Buget civic \u00een municipiul B\u0103l\u021bi (lobby si advocacy) 2017;<\/li><li>Schimb de experien\u021b\u0103 \u00eentre tinerii din municipiul B\u0103l\u021bi \u0219i orasul Adjud Rom\u00e2nia, cu partenerii Colegiul Na\u021bional Emil Botta, 2017;<\/li><li>Deschiderea \u00een februarie 2017 a primului spa\u021biu de socializare cultural\u0103 \u0219i dezvoltare personal\u0103_Anticafeneaua din B\u0103l\u021bi_ <a href=\"https:\/\/www.facebook.com\/anticafeneabalti\/\">https:\/\/www.facebook.com\/anticafeneabalti\/<\/a><\/li><li>Partener de implementare a proiectului ,, Platform\u0103 de socializare a tinerilor GLASUL TINERILOR ,,&nbsp; implementat din august 2017 \u00een Liceul Teoretic \u0218tefan cel Mare B\u0103l\u021bi, parteneri cu APL-ul local municipiul B\u0103l\u021bi \u0219i Fondul pentru Granturi Mici Polonia FPL Moldova;<\/li><\/ul>\n\n\n\n<p><strong>Experien\u021ba:<\/strong><\/p>\n\n\n\n<ul><li><strong><em>A asocia\u021biei: <\/em><\/strong><em><u>din 2015 au fost implementate 16 proiecte locale \u0219i na\u021bionale<\/u><\/em><\/li><li>Coorganizatori \u00een organizarea Caravanei Voluntarilor din 2015, \u00een municipiul B\u0103l\u021bi;<\/li><li>Am organizat evenimentele din cadrul S\u0103pt\u0103m\u00eenii Nationale a Voluntarilor 2015, in municipiul B\u0103l\u021bi, si anume Mas\u0103 rotund\u0103 Schimb de experien\u021b\u0103 \u00eentre voluntarii organiza\u021biilor din municipiu, 5 sesiuni de informare\/recrutare a voluntarilor \u00een institu\u021biile de \u00eenv\u0103\u021b\u0103m\u00eent din municipiu;<\/li><li>Beneficiari de mentorat \u00een cadrul proiectului de dezvoltare organizationala, scrierea Planului Srategic pentru 5 ani al organizatiei, OCT C\u0103r\u0103seni, dnul gheorghe C\u0103r\u0103seni, 2015;<\/li><li>Traning ,,Formare de formatori,, pentru voluntarii asociatiei;<\/li><li>Sesiuni\/ master class pentru tinerii din institu\u021bii de \u00eenv\u0103\u021b\u0103m\u00eent din municipiu (diverse tematici);<\/li><li>Experien\u021b\u0103 de lobby \u0219i advocacy la nivel local, \u00een implimentarea Bugetului civic;<\/li><li>Activit\u0103\u021bi \u00een cadrul SNV 2016;<\/li><li>Activitati in cadrul S\u0103pt\u0103m\u00eenii Na\u021bionale a Tineretului, \u0219i Certificat pentru promovarea valorilor sociale, culturale \u00een r\u00eendul tinerilor, oferit de c\u0103tre APL, 2016.<\/li><li>Sus\u021binerea Centrului de Resurse pentru Adolescen\u021bi \u0219i Tineret CRAT din cadrul D\u00ceTS municipiul B\u0103l\u021bi \u00een implimentarea proiectelor :<\/li><li>Deschiderea \u0219i dotarea spa\u021biului de socializare cultural\u0103 \u0219i dezvoltare personal\u0103 _ Anticafeneaua din B\u0103l\u021bi;<\/li><li>Lansarea Clubului intercultural ITA;<\/li><li>Implimentarea proiectului grupului de initiativa a tinerilor ,,I-m society,,;<\/li><li>Lnasarea Clubului ,,T\u00een\u0103rul Scriitor,,;<\/li><li>Aplicare si implimentarea proiectului de interes comunitar ca rezultat a formarii tinerilor in programa CHALLENGE Moldova;<\/li><li>Institu\u021bie gazd\u0103 pentru voluntari atestati de la minister din 2017 \u0219i <strong>reatesta\u021bi \u00een 2020<\/strong>;<\/li><li>Institutie partener al Corpului P\u0103cii Moldova, ce a&nbsp; beneficiat din august 2017 de asistenta unui voluntar de la Corpul P\u0103cii p\u00een\u0103 \u00een martie 2020 ( cu un an continuitate peste program la cererea Asocia\u021biei);<\/li><li>Partener de implimentare a proiectului ,, Platform\u0103 de socializare a tinerilor GLASUL TINERILOR ,,&nbsp; implimentat din august 2017 \u00een Liceul Teoretic Stefan cel Mare Balti, parteneri cu APL-ul local \u0219i Fondul pentru Granturi Mici Polonia FPL Moldova &#8211;&nbsp; \u00een acest program am fost echipa pe dezvoltare de programe de tineret \u0219i implementarea acestora timp de un an pentru tinerii din Liceul T.\u0218tefan cel Mare, peste 1000 elevi.&nbsp; ;<\/li><li><strong>Parte a proiectului de Dezvoltare comunitar\u0103, coordonat de AO Caroma-Nord cu sus\u021binerea trainerilor CICO \u0219i finan\u021bare FHI360, \u00een anul 206-2017;<\/strong><\/li><li>Membru \u00een Comisia de Certificare a Institu\u021biilor Gazd\u0103 de Voluntariat din cadrul Ministerului Educa\u021biei, Culturii \u0219i Cercet\u0103rii RM;<\/li><li>Membru \u00een cadrul Coali\u021biei de Voluntariat, din cadrul APL B\u0102L\u021aI;<\/li><li>Membru \u00een Cadrul Coali\u021biei pentru S\u0103n\u0103tate Public\u0103, coordonat de CASMED B\u0103l\u021bi;<\/li><li><strong>Membru \u00een Comisia de lucru de elaborare a Strategiei de Tineret 2019-2024 a municipiului B\u0103l\u021bi;<\/strong><\/li><li><strong>Membru \u00een cadrul Comisiei de lucru cu elaborarea Bugetului pe sectorul de Tineret al municipiului B\u0103l\u021bi 2020-2021, coordonat de Sec\u021bia Tineret B\u0103l\u021bi;<\/strong><\/li><li><strong>Membru \u00een Comisia de elaborare a Regulamentului de Func\u021bionare a Consiliului Municipal de Tineret B\u0103l\u021bi \u2013 2019-2020;<\/strong><\/li><li><strong>Membru \u00een Comisia de organizare \u0219i implementare a procesului de creare a Consiliului Municipal de Tineret B\u0103l\u021bi 2019- 2020<\/strong><\/li><\/ul>\n\n\n\n<p><a href=\"http:\/\/dits-balti.md\/sectia-tineret-si-sport-din-cadrul-directiei-invatamant-tineret-si-sport-a-organizat-desfasurarea-adunarii-generale-a-tinerilor\/\">http:\/\/dits-balti.md\/sectia-tineret-si-sport-din-cadrul-directiei-invatamant-tineret-si-sport-a-organizat-desfasurarea-adunarii-generale-a-tinerilor\/<\/a><\/p>\n\n\n\n<p><a href=\"http:\/\/dits-balti.md\/sesiunii-info-pentru-candidatii-la-consiliul-municipal-de-tineret-balti-2020\/\">http:\/\/dits-balti.md\/sesiunii-info-pentru-candidatii-la-consiliul-municipal-de-tineret-balti-2020\/<\/a><\/p>\n\n\n\n<ul><li><strong><em>A speciali\u0219tilor asocia\u021biei:<\/em><\/strong><\/li><li>Experien\u021b\u0103 de lucru \u00een asocia\u021bii de talie regional\u0103, na\u021bionala \u0219i interna\u021bional\u0103 (ex. Asocia\u021bia Medecins du Monde, filial\u0103 franceza cu misiunea de prevenirea a TFU \u00een R.Moldova);<\/li><li>Schimb de experien\u021b\u0103\/vizite de studiu \u00een \u021b\u0103rile: Ucraina, Polonia, Rom\u00e2nia, Estonia;<\/li><li>Experien\u021b\u0103 de formator educatie non formala\/trainer\/educator de la egal la egal \u0219i voluntariat \u00een domeniul mediu, cultur\u0103, educa\u021bie<\/li><\/ul>\n\n\n\n<p><a href=\"https:\/\/tdh-moldova.md\/index.php?pag=news&amp;id=649&amp;rid=637&amp;l=ro\">https:\/\/tdh-moldova.md\/index.php?pag=news&amp;id=649&amp;rid=637&amp;l=ro<\/a><\/p>\n\n\n\n<p><a href=\"https:\/\/justice.childhub.org\/ro\/evenimente-protectia-copilului-europa-sud-est\/scoala-de-vara-activ-2019-participarea-si\">https:\/\/justice.childhub.org\/ro\/evenimente-protectia-copilului-europa-sud-est\/scoala-de-vara-activ-2019-participarea-si<\/a><\/p>\n\n\n\n<ul><li>Experien\u021b\u0103 ERASMUS + pentru lucr\u0103tori de tineret;<\/li><li>Formator \u00een Teatru Forum;<\/li><li>Exper\u021bi \u00een creare de curricule de activitate cu tinerii, ghiduri de lucru \u00een &nbsp;activitatea de tineret<\/li><\/ul>\n\n\n\n<p><a href=\"https:\/\/tdh-moldova.md\/media\/files\/files\/tdh_imputernicirea_tinerilor_6316806.pdf\">https:\/\/tdh-moldova.md\/media\/files\/files\/tdh_imputernicirea_tinerilor_6316806.pdf<\/a><\/p>\n\n\n\n<p><a href=\"https:\/\/moldova.unfpa.org\/ro\/publications\/mai-aproape-de-tineri-suport-pentru-lucr%C4%83torii-de-tineret\">https:\/\/moldova.unfpa.org\/ro\/publications\/mai-aproape-de-tineri-suport-pentru-lucr%C4%83torii-de-tineret<\/a><\/p>\n\n\n\n<ul><li>Experien\u021b\u0103 de coordonare a programelor pentru tineri :<\/li><li>Abilitarea economic\u0103 a tinerilor;<\/li><li>Voluntariat;<\/li><li>Dezvoltare personal\u0103;<\/li><li>Tinerii \u0219i Democra\u021bia;<\/li><li>Animarea timpului liber \u2013 Socializare;<\/li><li>Cultur\u0103 \u0219i Tradi\u021bii.<\/li><\/ul>\n","protected":false},"excerpt":{"rendered":"<p>AO CIDP ANIMA este o organiza\u021bie pl\u0103smuit\u0103 pentru tineri \u0219i cu tineri,\u00a0 \u0219i dezvoltarea voluntariatului \u00een comunitate. Organiza\u021bia a fost creat\u0103 \u00een anul 2012 de un grup de tineri, studen\u021bi&#8230;<\/p>\n","protected":false},"author":2,"featured_media":0,"parent":0,"menu_order":0,"comment_status":"closed","ping_status":"closed","template":"","meta":[],"yoast_head":"<!-- This site is optimized with the Yoast SEO plugin v15.5 - https:\/\/yoast.com\/wordpress\/plugins\/seo\/ -->\n<title>Istorie - ANIMA<\/title>\n<meta name=\"robots\" content=\"index, follow, max-snippet:-1, max-image-preview:large, max-video-preview:-1\" \/>\n<link rel=\"canonical\" href=\"https:\/\/anima.md\/en\/istorie\/\" \/>\n<meta property=\"og:locale\" content=\"en_US\" \/>\n<meta property=\"og:type\" content=\"article\" \/>\n<meta property=\"og:title\" content=\"Istorie - ANIMA\" \/>\n<meta property=\"og:description\" content=\"AO CIDP ANIMA este o organiza\u021bie pl\u0103smuit\u0103 pentru tineri \u0219i cu tineri,\u00a0 \u0219i dezvoltarea voluntariatului \u00een comunitate. Organiza\u021bia a fost creat\u0103 \u00een anul 2012 de un grup de tineri, studen\u021bi...\" \/>\n<meta property=\"og:url\" content=\"https:\/\/anima.md\/en\/istorie\/\" \/>\n<meta property=\"og:site_name\" content=\"ANIMA\" \/>\n<meta property=\"article:modified_time\" content=\"2021-02-15T17:17:13+00:00\" \/>\n<meta property=\"og:image\" content=\"http:\/\/anima.md\/wp-content\/uploads\/2020\/12\/punct-1.jpg\" \/>\n<meta name=\"twitter:card\" content=\"summary_large_image\" \/>\n<meta name=\"twitter:label1\" content=\"Est. reading time\">\n\t<meta name=\"twitter:data1\" content=\"5 minutes\">\n<script type=\"application\/ld+json\" class=\"yoast-schema-graph\">{\"@context\":\"https:\/\/schema.org\",\"@graph\":[{\"@type\":\"WebSite\",\"@id\":\"https:\/\/anima.md\/ru\/#website\",\"url\":\"https:\/\/anima.md\/ru\/\",\"name\":\"ANIMA\",\"description\":\"AO Centrul de Instruire \\u0219i Dezvoltare Personal\\u0103 \\u201dAnima\\u201d\",\"potentialAction\":[{\"@type\":\"SearchAction\",\"target\":\"https:\/\/anima.md\/ru\/?s={search_term_string}\",\"query-input\":\"required name=search_term_string\"}],\"inLanguage\":\"en-US\"},{\"@type\":\"ImageObject\",\"@id\":\"https:\/\/anima.md\/en\/istorie\/#primaryimage\",\"inLanguage\":\"en-US\",\"url\":\"http:\/\/anima.md\/wp-content\/uploads\/2020\/12\/punct-1.jpg\"},{\"@type\":\"WebPage\",\"@id\":\"https:\/\/anima.md\/en\/istorie\/#webpage\",\"url\":\"https:\/\/anima.md\/en\/istorie\/\",\"name\":\"Istorie - ANIMA\",\"isPartOf\":{\"@id\":\"https:\/\/anima.md\/ru\/#website\"},\"primaryImageOfPage\":{\"@id\":\"https:\/\/anima.md\/en\/istorie\/#primaryimage\"},\"datePublished\":\"2021-02-15T16:27:58+00:00\",\"dateModified\":\"2021-02-15T17:17:13+00:00\",\"inLanguage\":\"en-US\",\"potentialAction\":[{\"@type\":\"ReadAction\",\"target\":[\"https:\/\/anima.md\/en\/istorie\/\"]}]}]}<\/script>\n<!-- \/ Yoast SEO plugin. -->","rttpg_featured_image_url":null,"rttpg_author":{"display_name":"ANIMA Service Administrator","author_link":"https:\/\/anima.md\/en\/author\/service-administrator\/"},"rttpg_comment":0,"rttpg_category":null,"rttpg_excerpt":"AO CIDP ANIMA este o organiza\u021bie pl\u0103smuit\u0103 pentru tineri \u0219i cu tineri,\u00a0 \u0219i dezvoltarea voluntariatului \u00een comunitate. Organiza\u021bia a fost creat\u0103 \u00een anul 2012 de un grup de tineri, studen\u021bi...","_links":{"self":[{"href":"https:\/\/anima.md\/en\/wp-json\/wp\/v2\/pages\/1660"}],"collection":[{"href":"https:\/\/anima.md\/en\/wp-json\/wp\/v2\/pages"}],"about":[{"href":"https:\/\/anima.md\/en\/wp-json\/wp\/v2\/types\/page"}],"author":[{"embeddable":true,"href":"https:\/\/anima.md\/en\/wp-json\/wp\/v2\/users\/2"}],"replies":[{"embeddable":true,"href":"https:\/\/anima.md\/en\/wp-json\/wp\/v2\/comments?post=1660"}],"version-history":[{"count":0,"href":"https:\/\/anima.md\/en\/wp-json\/wp\/v2\/pages\/1660\/revisions"}],"wp:attachment":[{"href":"https:\/\/anima.md\/en\/wp-json\/wp\/v2\/media?parent=1660"}],"curies":[{"name":"wp","href":"https:\/\/api.w.org\/{rel}","templated":true}]}}